{"id":1411,"date":"2023-10-11T16:31:52","date_gmt":"2023-10-11T14:31:52","guid":{"rendered":"https:\/\/refuge.graindepixel.fr\/wordpress\/?page_id=1411"},"modified":"2026-02-28T17:04:14","modified_gmt":"2026-02-28T16:04:14","slug":"frais-d-adoption-spa-mornac","status":"publish","type":"page","link":"https:\/\/adopter.graindepixel.fr\/version\/frais-d-adoption-spa-mornac\/","title":{"rendered":"Frais d&rsquo;adoption"},"content":{"rendered":"<h1>Les frais d&rsquo;adoption<\/h1>\n<h2>au refuge de l&rsquo;Angoumois<\/h2>\n<h2>Des frais d\u2019adoption<br \/>\npour un animal en bonne sant\u00e9<\/h2>\n<p>Dans un refuge, <a href=\"https:\/\/adopter.graindepixel.fr\/version\/les-chats-a-ladoption\/\"><strong>les animaux ne sont pas vendus, ni donn\u00e9s gratuitement, mais adopt\u00e9s.<\/strong><\/a> Vous n\u2019\u00eates pas dans un \u00e9levage mais dans un lieu o\u00f9 nos pensionnaires cherchent une nouvelle famille pour les accueillir dans les meilleures conditions possibles. <strong>Les frais d\u2019adoptions incluent de nombreux postes de d\u00e9penses pour que l\u2019animal int\u00e8gre votre univers avec toutes les pr\u00e9cautions v\u00e9t\u00e9rinaires possibles<\/strong> : soins et vaccinations \u00e0 jour.<\/p>\n<h2>Participation financi\u00e8re<\/h2>\n<p>Une\u00a0participation financi\u00e8re correspondant en grande partie aux frais v\u00e9t\u00e9rinaires r\u00e9alis\u00e9s sur les animaux est demand\u00e9e aux adoptants. Cette participation varie en fonction de certains crit\u00e8res: sexe de l\u2019animal, \u00e2ge.<\/p>\n<p>\t\t\t\t<a href=\"https:\/\/adopter.graindepixel.fr\/version\/les-adoptions\/\" target=\"_blank\" tabindex=\"-1\" aria-label=\"Les chiens\"><br \/>\n\t\t\t\t\t\t\t\t<\/a><\/p>\n<h3>\n\t\t\t\t\t\t<a href=\"https:\/\/adopter.graindepixel.fr\/version\/les-adoptions\/\" target=\"_blank\" ><br \/>\n\t\t\t\t\t\t\tLes chiens\t\t\t\t\t\t<\/a><br \/>\n\t\t\t\t\t<\/h3>\n<p>\t\t\t\t<a href=\"https:\/\/adopter.graindepixel.fr\/version\/les-chats-a-ladoption\/\" tabindex=\"-1\" aria-label=\"Les chats\"><br \/>\n\t\t\t\t\t\t\t\t<\/a><\/p>\n<h3>\n\t\t\t\t\t\t<a href=\"https:\/\/adopter.graindepixel.fr\/version\/les-chats-a-ladoption\/\" ><br \/>\n\t\t\t\t\t\t\tLes chats\t\t\t\t\t\t<\/a><br \/>\n\t\t\t\t\t<\/h3>\n<h2>Les chiens<\/h2>\n<ul>\n<li>Tous les chiens sont identifi\u00e9s, vaccin\u00e9s <a href=\"https:\/\/med-vet.fr\/produits\/medicament\/canigen-chppil\/5eeec632-8a45-46e1-ac57-b6486d1f5e5f\" target=\"_blank\" rel=\"noopener\"><strong>CHPPIL<\/strong><\/a>, vermifug\u00e9s, d\u00e9parasit\u00e9s et st\u00e9rilis\u00e9s.<\/li>\n<li>Pour les chiens de <strong>cat\u00e9gories 1 ou 2<\/strong> (Rottweiller, American Staffordshire terrier\u2026) la <strong>vaccination rage<\/strong> appara\u00eet obligatoirement sur le <strong>carnet de sant\u00e9<\/strong>. Une <strong>\u00e9valuation comportementale est pratiqu\u00e9e par un v\u00e9t\u00e9rinaire avant l\u2019adoption<\/strong>.<\/li>\n<\/ul>\n<p>Depuis 2013, le refuge de l\u2019Angoumois b\u00e9n\u00e9ficie de <a href=\"https:\/\/www.30millionsdamis.fr\/\" target=\"_blank\" rel=\"noopener\"><strong>l\u2019op\u00e9ration DOYENS gr\u00e2ce \u00e0 la Fondation 30 millions d\u2019amis<\/strong><\/a>.\u00a0Pour toute adoption d\u2019un de nos seniors (chiens et chiennes de + de 10 ans), <strong>une participation de 800\u20ac de frais v\u00e9t\u00e9rinaires est prise en charge par la fondation hors euthanasie et vaccins<\/strong>. Un document sp\u00e9cifique vous sera remis pour cette occasion.<\/p>\n<details id=\"e-n-accordion-item-2240\" open>\n<summary data-accordion-index=\"1\" tabindex=\"0\" aria-expanded=\"true\" aria-controls=\"e-n-accordion-item-2240\" >\n\t\t\t\t\t Chien castr\u00e9\/st\u00e9rilis\u00e9<br \/>\n\t\t\t\t\t\t<\/summary>\n<ul>\n<li>M\u00e2le : 280\u20ac<\/li>\n<li>Femelle : 310\u20ac<\/li>\n<\/ul>\n<\/details>\n<details id=\"e-n-accordion-item-2241\" >\n<summary data-accordion-index=\"2\" tabindex=\"-1\" aria-expanded=\"false\" aria-controls=\"e-n-accordion-item-2241\" >\n\t\t\t\t\t Chien entre 7 et 10 ans<br \/>\n\t\t\t\t\t\t<\/summary>\n<p>\u00a0<\/p>\n<ul>\n<li style=\"list-style-type: none;\">\n<ul>\n<li>M\u00e2le\/Femelle : 150\u20ac<\/li>\n<\/ul>\n<\/li>\n<\/ul>\n<\/details>\n<details id=\"e-n-accordion-item-2242\" >\n<summary data-accordion-index=\"3\" tabindex=\"-1\" aria-expanded=\"false\" aria-controls=\"e-n-accordion-item-2242\" >\n\t\t\t\t\t Chiot<br \/>\n\t\t\t\t\t\t<\/summary>\n<ul>\n<li style=\"list-style-type: none;\">\n<ul>\n<li>M\u00e2le : 300\u20ac<\/li>\n<li>Femelle : 350\u20ac<\/li>\n<\/ul>\n<\/li>\n<\/ul>\n<\/details>\n<details id=\"e-n-accordion-item-2243\" >\n<summary data-accordion-index=\"4\" tabindex=\"-1\" aria-expanded=\"false\" aria-controls=\"e-n-accordion-item-2243\" >\n\t\t\t\t\t Chien de plus de 10 ans :<br \/>\n\t\t\t\t\t\t<\/summary>\n<p>\u00a0<\/p>\n<ul>\n<li style=\"list-style-type: none;\">\n<ul>\n<li>La fondation 30 Millions d\u2019Amis prend en charge \u00e0 hauteur de 800 \u20ac les frais m\u00e9dicaux de tous chien de plus de 10 ans lors de leur adoption via l\u2019op\u00e9ration doyen<\/li>\n<\/ul>\n<\/li>\n<\/ul>\n<\/details>\n<ul>\n<li>M\u00e2le : 280\u20ac<\/li>\n<li>Femelle : 310\u20ac<\/li>\n<\/ul>\n<p>\u00a0<\/p>\n<ul>\n<li style=\"list-style-type: none;\">\n<ul>\n<li>M\u00e2le\/Femelle : 150\u20ac<\/li>\n<\/ul>\n<\/li>\n<\/ul>\n<ul>\n<li style=\"list-style-type: none;\">\n<ul>\n<li>M\u00e2le : 300\u20ac<\/li>\n<li>Femelle : 350\u20ac<\/li>\n<\/ul>\n<\/li>\n<\/ul>\n<p>\u00a0<\/p>\n<ul>\n<li style=\"list-style-type: none;\">\n<ul>\n<li>La fondation 30 Millions d\u2019Amis prend en charge \u00e0 hauteur de 800 \u20ac les frais m\u00e9dicaux de tous chien de plus de 10 ans lors de leur adoption via l\u2019op\u00e9ration doyen<\/li>\n<\/ul>\n<\/li>\n<\/ul>\n<h2>Les chats<\/h2>\n<ul>\n<li>Tous les chats adultes sont test\u00e9s <a href=\"https:\/\/fr.wikipedia.org\/wiki\/Virus_leuc%C3%A9mog%C3%A8ne_f%C3%A9lin\" target=\"_blank\" rel=\"noopener\"><strong>FELV<\/strong><\/a> (leucose) \/ <a href=\"https:\/\/www.30millionsdamis.fr\/actualites\/article\/15333-le-fiv-du-chat-faut-il-en-avoir-peur\/?gad_source=1&amp;gad_campaignid=1752326051&amp;gbraid=0AAAAAD73v25DoypDwZxPTTI4iOelsxCCO&amp;gclid=EAIaIQobChMIwOGMnNC_kQMVkfZ5BB3HIQiHEAAYASAAEgJBRPD_BwE\" target=\"_blank\" rel=\"noopener\"><strong>FIV<\/strong><\/a> (sida du chat), identifi\u00e9s, vaccin\u00e9s typhus-coryza, vermifug\u00e9s et st\u00e9rilis\u00e9s.<\/li>\n<li>Les chatons de moins de 6 mois sont test\u00e9s FELV \/ FIV \u00e0 partir de l\u2019\u00e2ge de 5 mois, identifi\u00e9s, vaccin\u00e9s, vermifug\u00e9s et partent avec un bon d\u2019engagement \u00e0 faire r\u00e9aliser obligatoirement \u00e0 l\u2019\u00e2ge requis chez le v\u00e9t\u00e9rinaire de votre choix.<\/li>\n<\/ul>\n<details id=\"e-n-accordion-item-4440\" open>\n<summary data-accordion-index=\"1\" tabindex=\"0\" aria-expanded=\"true\" aria-controls=\"e-n-accordion-item-4440\" >\n\t\t\t\t\t Chatons de moins de 6 mois :<br \/>\n\t\t\t\t\t\t<\/summary>\n<ul>\n<li style=\"list-style-type: none;\">\n<ul>\n<li>M\u00e2le :150\u20ac<\/li>\n<li>Femelle : 150\u20ac<\/li>\n<\/ul>\n<\/li>\n<\/ul>\n<\/details>\n<details id=\"e-n-accordion-item-4441\" >\n<summary data-accordion-index=\"2\" tabindex=\"-1\" aria-expanded=\"false\" aria-controls=\"e-n-accordion-item-4441\" >\n\t\t\t\t\t Chat adulte castr\u00e9\/st\u00e9rilis\u00e9<br \/>\n\t\t\t\t\t\t<\/summary>\n<ul>\n<li>M\u00e2le 180\u20ac<\/li>\n<li>Femelle 210\u20ac<\/li>\n<\/ul>\n<\/details>\n<details id=\"e-n-accordion-item-4442\" >\n<summary data-accordion-index=\"3\" tabindex=\"-1\" aria-expanded=\"false\" aria-controls=\"e-n-accordion-item-4442\" >\n\t\t\t\t\t Chat de plus de 8 ans<br \/>\n\t\t\t\t\t\t<\/summary>\n<p>M\u00e2le\/Femelle : 100\u20ac<\/p>\n<\/details>\n<details id=\"e-n-accordion-item-4443\" >\n<summary data-accordion-index=\"4\" tabindex=\"-1\" aria-expanded=\"false\" aria-controls=\"e-n-accordion-item-4443\" >\n\t\t\t\t\t Chat de 10 ans et plus<br \/>\n\t\t\t\t\t\t<\/summary>\n<p>La fondation 30 Millions d\u2019Amis prend en charge \u00e0 hauteur de 800 \u20ac les frais m\u00e9dicaux de tous chats de plus de 10 ans lors de leur adoption via l\u2019op\u00e9ration doyen<\/p>\n<\/details>\n<ul>\n<li style=\"list-style-type: none;\">\n<ul>\n<li>M\u00e2le :150\u20ac<\/li>\n<li>Femelle : 150\u20ac<\/li>\n<\/ul>\n<\/li>\n<\/ul>\n<ul>\n<li>M\u00e2le 180\u20ac<\/li>\n<li>Femelle 210\u20ac<\/li>\n<\/ul>\n<p>M\u00e2le\/Femelle : 100\u20ac<\/p>\n<p>La fondation 30 Millions d\u2019Amis prend en charge \u00e0 hauteur de 800 \u20ac les frais m\u00e9dicaux de tous chats de plus de 10 ans lors de leur adoption via l\u2019op\u00e9ration doyen<\/p>\n<h2>Documents obligatoires<br \/>\n\u00e0 pr\u00e9senter lors de\u00a0toute adoption<\/h2>\n<ul>\n<li>Un justificatif de domicile<\/li>\n<li>Une pi\u00e8ce d\u2019identit\u00e9<\/li>\n<li>Attestation d\u2019aptitude pour les chiens de cat\u00e9gorie<\/li>\n<\/ul>\n<p style=\"text-align: center;\"><strong>Aucune adoption ne sera \u00e9tablie au nom d\u2019une personne mineure.<\/strong><\/p>\n<p style=\"text-align: center;\"><strong>Devant la recrudescence de ch\u00e8ques impay\u00e9s, nous privil\u00e9gions les r\u00e8glements par carte bancaire ou en esp\u00e8ces.<\/strong><\/p>\n","protected":false},"excerpt":{"rendered":"<p>Les frais d&rsquo;adoption au refuge de l&rsquo;Angoumois Des frais d\u2019adoption pour un animal en bonne sant\u00e9 Dans un refuge, les animaux ne sont pas vendus, ni donn\u00e9s gratuitement, mais adopt\u00e9s. Vous n\u2019\u00eates pas dans un \u00e9levage mais dans un lieu o\u00f9 nos pensionnaires cherchent une nouvelle famille pour les accueillir dans les meilleures conditions possibles. [&hellip;]<\/p>\n","protected":false},"author":1,"featured_media":1223,"parent":0,"menu_order":0,"comment_status":"closed","ping_status":"closed","template":"","meta":{"_acf_changed":false,"footnotes":""},"class_list":["post-1411","page","type-page","status-publish","has-post-thumbnail","hentry"],"acf":[],"_links":{"self":[{"href":"https:\/\/adopter.graindepixel.fr\/version\/wp-json\/wp\/v2\/pages\/1411","targetHints":{"allow":["GET"]}}],"collection":[{"href":"https:\/\/adopter.graindepixel.fr\/version\/wp-json\/wp\/v2\/pages"}],"about":[{"href":"https:\/\/adopter.graindepixel.fr\/version\/wp-json\/wp\/v2\/types\/page"}],"author":[{"embeddable":true,"href":"https:\/\/adopter.graindepixel.fr\/version\/wp-json\/wp\/v2\/users\/1"}],"replies":[{"embeddable":true,"href":"https:\/\/adopter.graindepixel.fr\/version\/wp-json\/wp\/v2\/comments?post=1411"}],"version-history":[{"count":0,"href":"https:\/\/adopter.graindepixel.fr\/version\/wp-json\/wp\/v2\/pages\/1411\/revisions"}],"wp:featuredmedia":[{"embeddable":true,"href":"https:\/\/adopter.graindepixel.fr\/version\/wp-json\/wp\/v2\/media\/1223"}],"wp:attachment":[{"href":"https:\/\/adopter.graindepixel.fr\/version\/wp-json\/wp\/v2\/media?parent=1411"}],"curies":[{"name":"wp","href":"https:\/\/api.w.org\/{rel}","templated":true}]}}