{"id":1429,"date":"2023-10-11T17:12:28","date_gmt":"2023-10-11T15:12:28","guid":{"rendered":"https:\/\/refuge.graindepixel.fr\/wordpress\/?page_id=1429"},"modified":"2026-02-28T17:04:13","modified_gmt":"2026-02-28T16:04:13","slug":"operation-doyen","status":"publish","type":"page","link":"https:\/\/adopter.graindepixel.fr\/version\/operation-doyen\/","title":{"rendered":"Op\u00e9ration Doyen"},"content":{"rendered":"<h1>Op\u00e9ration Doyens<\/h1>\n<h2>au refuge de l&rsquo;Angoumois<\/h2>\n<h2>Nos anciens, nos papys chiens<br \/>\n<\/h2>\n<p>Nos doyens ce sont nos papy chiens, nos animaux \u00e2g\u00e9s, malades parfois et qui n\u2019attendent qu\u2019une chose : retrouver un foyer chaleureux et accueillant. L\u2019op\u00e9ration doyen c\u2019est accompagner ces vieux toutous dans la fin de leurs vie, dans leur retraite. On compte sur vous pour d\u00e9dier une place chez vous \u00e0 nos anciens.<\/p>\n<h2>Adopter un doyen en refuge<\/h2>\n<ul>\n<li>Faire une bonne action<\/li>\n<li>Donner une seconde chance \u00e0 l\u2019animal<\/li>\n<li>Permettre \u00e0 un toutou \u00e2g\u00e9 de finir sa vie au chaud et dans le confort<\/li>\n<li>Etre accompagn\u00e9 dans la couverture des frais v\u00e9t\u00e9rinaires<\/li>\n<\/ul>\n<h2>La fondation 30 millions d&rsquo;Amis<\/h2>\n<p>Pour toute adoption d\u2019un chien \u00e2g\u00e9 de 10 ans et plus au <a href=\"https:\/\/adopter.graindepixel.fr\/version\/refuge-angoumois-presentation\/\"><strong>Refuge de l\u2019Angoumois, SPA de Mornac<\/strong><\/a>, <a href=\"https:\/\/www.30millionsdamis.fr\/\" target=\"_blank\" rel=\"noopener\"><strong>la Fondation 30 Millions d\u2019Amis<\/strong><\/a> s\u2019engage \u00e0 r\u00e9gler vos \u00e9ventuels frais v\u00e9t\u00e9rinaires. Vous pouvez ainsi plus facilement adopter un vieux chien et lui permettre de finir sa vie au chaud et entour\u00e9 d\u2019amour plut\u00f4t que derri\u00e8re les barreaux du Refuge. Le plus beau des cadeaux !<\/p>\n<p>\nToutes les d\u00e9marches et modalit\u00e9s vous seront expliqu\u00e9es<a href=\"https:\/\/adopter.graindepixel.fr\/version\/accueillir-un-chien-adopter\/\"><strong> lors du processus d\u2019adoption<\/strong><\/a>. Les frais v\u00e9t\u00e9rinaires seront pris en charge sur facture. Alors on compte sur vous pour nos pensionnaires \u00e2g\u00e9s et les accueillir chez vous et leur apporter plein de jolies choses, et ainsi vivre ensemble une toute nouvelle histoire !<\/p>\n<h2>Une exp\u00e9rience enrichissante<\/h2>\n<p>Adopter un chien doyen peut offrir une exp\u00e9rience enrichissante et gratifiante. Ces chiens m\u00e9ritent autant d\u2019amour et d\u2019attention que les chiots ou les jeunes chiens, et ils peuvent apporter beaucoup de bonheur et de joie \u00e0 un foyer tout en offrant une seconde chance \u00e0 un compagnon fid\u00e8le.<\/p>\n<p>\u00a0<\/p>\n<p>Ces chiens ont pass\u00e9s souvent des ann\u00e9es au refuge ou sont arriv\u00e9s \u00e0 un \u00e2ge bien trop respectable pour s\u00e9duire les adoptants. N\u00e9anmoins ces toutous vieillissant ont besoin de trouver un endroit adapt\u00e9 pour finir leurs jours au c\u00f4t\u00e9 d\u2019une famille qui saura comprendre leurs besoins.<\/p>\n<p>\u00a0<\/p>\n<p>Ces seniors sont parfois bien plus dynamiques qu\u2019on ne se l\u2019imagine malgr\u00e9 leur \u00e2ge. Un doyen n\u2019est pas forc\u00e9ment un toutou qui restera prostr\u00e9 mais qui aura juste besoin d\u2019attention et dont l\u2019\u00e2ge parfois avanc\u00e9 n\u00e9cessitera plus d\u2019attention qu\u2019un chien plus jeune. mais cela n\u2019enl\u00e8vera rien \u00e0 toutes ses qualit\u00e9s.<\/p>\n<p>\t\t\t\t\t\t\t\t\t\t\t\t\t\t\t<img loading=\"lazy\" decoding=\"async\" width=\"1024\" height=\"682\" src=\"https:\/\/adopter.graindepixel.fr\/version\/wp-content\/uploads\/2025\/11\/erfuge-angoumois-25-10-25-grain-de-pixel-408-1-1024x682.jpg\" alt=\"erfuge angoumois 25 10 25 grain de pixel 408\" srcset=\"https:\/\/adopter.graindepixel.fr\/version\/wp-content\/uploads\/2025\/11\/erfuge-angoumois-25-10-25-grain-de-pixel-408-1-1024x682.jpg 1024w, https:\/\/adopter.graindepixel.fr\/version\/wp-content\/uploads\/2025\/11\/erfuge-angoumois-25-10-25-grain-de-pixel-408-1-300x200.jpg 300w, https:\/\/adopter.graindepixel.fr\/version\/wp-content\/uploads\/2025\/11\/erfuge-angoumois-25-10-25-grain-de-pixel-408-1-768x511.jpg 768w, https:\/\/adopter.graindepixel.fr\/version\/wp-content\/uploads\/2025\/11\/erfuge-angoumois-25-10-25-grain-de-pixel-408-1-1536x1022.jpg 1536w, https:\/\/adopter.graindepixel.fr\/version\/wp-content\/uploads\/2025\/11\/erfuge-angoumois-25-10-25-grain-de-pixel-408-1.jpg 2048w\" sizes=\"auto, (max-width: 1024px) 100vw, 1024px\" \/>\t\t\t\t\t\t\t\t\t\t\t\t\t\t\t<\/p>\n<h2>D\u00e9couvrez nos doyens<\/h2>\n<p><a href=\"https:\/\/adopter.graindepixel.fr\/version\/refuge-angoumois-presentation\/\"><strong>Le refuge de l\u2019Angoumois<\/strong><\/a> vous propose de retrouver toutes les annonces d\u2019animaux en recherche d\u2019un nouveau foyer dans une rubrique qui leur est d\u00e9di\u00e9e. A la moindre question nous restions \u00e0 votre disposition. <a href=\"https:\/\/adopter.graindepixel.fr\/version\/contact\/\"><strong>N\u2019h\u00e9sitez pas \u00e0 nous contacter ou poser des questions aux \u00e9quipes de soigneurs du refuge<\/strong> <\/a>si vous passez nous rendre visite. Ils sauront vous guider, vous expliquer la situation et vous pr\u00e9senter chaque toutou individuellement.<\/p>\n<p>\t\t\t\t\t<a href=\"\/\"><br \/>\n\t\t\t\t\t\t\t\t\tNos seniors<br \/>\n\t\t\t\t\t<\/a><\/p>\n","protected":false},"excerpt":{"rendered":"<p>Op\u00e9ration Doyens au refuge de l&rsquo;Angoumois Nos anciens, nos papys chiens Nos doyens ce sont nos papy chiens, nos animaux \u00e2g\u00e9s, malades parfois et qui n\u2019attendent qu\u2019une chose : retrouver un foyer chaleureux et accueillant. L\u2019op\u00e9ration doyen c\u2019est accompagner ces vieux toutous dans la fin de leurs vie, dans leur retraite. On compte sur vous [&hellip;]<\/p>\n","protected":false},"author":1,"featured_media":1202,"parent":0,"menu_order":0,"comment_status":"closed","ping_status":"closed","template":"","meta":{"_acf_changed":false,"footnotes":""},"class_list":["post-1429","page","type-page","status-publish","has-post-thumbnail","hentry"],"acf":[],"_links":{"self":[{"href":"https:\/\/adopter.graindepixel.fr\/version\/wp-json\/wp\/v2\/pages\/1429","targetHints":{"allow":["GET"]}}],"collection":[{"href":"https:\/\/adopter.graindepixel.fr\/version\/wp-json\/wp\/v2\/pages"}],"about":[{"href":"https:\/\/adopter.graindepixel.fr\/version\/wp-json\/wp\/v2\/types\/page"}],"author":[{"embeddable":true,"href":"https:\/\/adopter.graindepixel.fr\/version\/wp-json\/wp\/v2\/users\/1"}],"replies":[{"embeddable":true,"href":"https:\/\/adopter.graindepixel.fr\/version\/wp-json\/wp\/v2\/comments?post=1429"}],"version-history":[{"count":0,"href":"https:\/\/adopter.graindepixel.fr\/version\/wp-json\/wp\/v2\/pages\/1429\/revisions"}],"wp:featuredmedia":[{"embeddable":true,"href":"https:\/\/adopter.graindepixel.fr\/version\/wp-json\/wp\/v2\/media\/1202"}],"wp:attachment":[{"href":"https:\/\/adopter.graindepixel.fr\/version\/wp-json\/wp\/v2\/media?parent=1429"}],"curies":[{"name":"wp","href":"https:\/\/api.w.org\/{rel}","templated":true}]}}