{"id":1444,"date":"2023-10-11T17:26:06","date_gmt":"2023-10-11T15:26:06","guid":{"rendered":"https:\/\/refuge.graindepixel.fr\/wordpress\/?page_id=1444"},"modified":"2026-02-28T17:05:06","modified_gmt":"2026-02-28T16:05:06","slug":"amenagement-du-refuge-angoumois-spa-mornac","status":"publish","type":"page","link":"https:\/\/adopter.graindepixel.fr\/version\/amenagement-du-refuge-angoumois-spa-mornac\/","title":{"rendered":"L&rsquo;am\u00e9nagement du refuge de l&rsquo;Angoumois"},"content":{"rendered":"<h1>L\u2019am\u00e9nagement du refuge<\/h1>\n<h2>Refuge de l\u2019Angoumois \u2013 SPA de Mornac \u2013 Charente<\/h2>\n<p>\t\t\t\t\t\t\t\t\t\t\t\t\t\t\t<img loading=\"lazy\" decoding=\"async\" width=\"1024\" height=\"682\" src=\"https:\/\/adopter.graindepixel.fr\/version\/wp-content\/uploads\/2025\/11\/refuge-angoumois-13-10-23-graindepixel-119-1024x682.jpg\" alt=\"refuge angoumois 13 10 23 graindepixel 119\" srcset=\"https:\/\/adopter.graindepixel.fr\/version\/wp-content\/uploads\/2025\/11\/refuge-angoumois-13-10-23-graindepixel-119-1024x682.jpg 1024w, https:\/\/adopter.graindepixel.fr\/version\/wp-content\/uploads\/2025\/11\/refuge-angoumois-13-10-23-graindepixel-119-300x200.jpg 300w, https:\/\/adopter.graindepixel.fr\/version\/wp-content\/uploads\/2025\/11\/refuge-angoumois-13-10-23-graindepixel-119-768x511.jpg 768w, https:\/\/adopter.graindepixel.fr\/version\/wp-content\/uploads\/2025\/11\/refuge-angoumois-13-10-23-graindepixel-119-1536x1022.jpg 1536w, https:\/\/adopter.graindepixel.fr\/version\/wp-content\/uploads\/2025\/11\/refuge-angoumois-13-10-23-graindepixel-119.jpg 2048w\" sizes=\"auto, (max-width: 1024px) 100vw, 1024px\" \/>\t\t\t\t\t\t\t\t\t\t\t\t\t\t\t<\/p>\n<h2>Des \u00e9quipements pour les animaux<\/h2>\n<p><a href=\"https:\/\/adopter.graindepixel.fr\/version\/refuge-angoumois-presentation\/\"><strong>Au Refuge de l\u2019Angoumois<\/strong><\/a>, chaque espace a \u00e9t\u00e9 con\u00e7u pour offrir aux chiens et aux chats un cadre de vie s\u00e9curis\u00e9, confortable et propice \u00e0 leur \u00e9panouissement. Entre le chenil, les parcs, et la chatterie, nos installations r\u00e9pondent aux besoins essentiels de nos pensionnaires tout en favorisant leur socialisation et leur bien-\u00eatre.<\/p>\n<p><a href=\"https:\/\/adopter.graindepixel.fr\/version\/benevole-au-refuge-de-langoumois\/\"><strong>Gr\u00e2ce \u00e0 l\u2019engagement des b\u00e9n\u00e9voles<\/strong><\/a>, des salari\u00e9s et au soutien de nos partenaires, le refuge est devenu un v\u00e9ritable lieu de transition o\u00f9 les animaux trouvent soins, attention et pr\u00e9paration \u00e0 une future adoption.<\/p>\n<h2>Le chenil<\/h2>\n<p>Le Refuge est compos\u00e9 de plusieurs parties, un grand b\u00e2timent, le chenil, qui comporte <strong>57 box<\/strong> autour d\u2019une all\u00e9e centrale et qui englobe les bureaux et parties int\u00e9rieures (infirmerie, salle de convalescence, salle de quarantaine pour les chats).Puis nous avons 4 structures plus petites que nous appelons \u00ab satellites \u00bb qui comportent <strong>6 ou 7 boxes<\/strong> chacun.<\/p>\n<p>\t\t\t\t\t\t\t\t<a data-elementor-open-lightbox=\"yes\" data-elementor-lightbox-slideshow=\"b7303d1\" data-elementor-lightbox-title=\"refuge angoumois SPA grain de pixel 267\" data-elementor-lightbox-description=\"Le chenil -Am\u00e9nagement du refuge de l&#039;angoumois - cr\u00e9dit photo : grain de pixel\" data-e-action-hash=\"#elementor-action%3Aaction%3Dlightbox%26settings%3DeyJpZCI6NzMxMCwidXJsIjoiaHR0cHM6XC9cL3d3dy5hZG9wdGVyLmdyYWluZGVwaXhlbC5mclwvdmVyc2lvblwvd3AtY29udGVudFwvdXBsb2Fkc1wvMjAyNVwvMTFcL3JlZnVnZS1hbmdvdW1vaXMtU1BBLWdyYWluLWRlLXBpeGVsLTI2Ny5qcGciLCJzbGlkZXNob3ciOiJiNzMwM2QxIn0%3D\" href=\"https:\/\/adopter.graindepixel.fr\/version\/wp-content\/uploads\/2025\/11\/refuge-angoumois-SPA-grain-de-pixel-267.jpg\"><\/p>\n<figure><img decoding=\"async\" src=\"https:\/\/adopter.graindepixel.fr\/version\/wp-content\/uploads\/2025\/11\/refuge-angoumois-SPA-grain-de-pixel-267-1024x682.jpg\" alt=\"refuge angoumois SPA grain de pixel 267\" \/><\/figure>\n<p><\/a><a data-elementor-open-lightbox=\"yes\" data-elementor-lightbox-slideshow=\"b7303d1\" data-elementor-lightbox-title=\"refuge de l angoumois 26 10 23 graindepixel 457\" data-elementor-lightbox-description=\"Le chenil -Am\u00e9nagement du refuge de l&#039;angoumois - cr\u00e9dit photo : grain de pixel\" data-e-action-hash=\"#elementor-action%3Aaction%3Dlightbox%26settings%3DeyJpZCI6NzMxMSwidXJsIjoiaHR0cHM6XC9cL3d3dy5hZG9wdGVyLmdyYWluZGVwaXhlbC5mclwvdmVyc2lvblwvd3AtY29udGVudFwvdXBsb2Fkc1wvMjAyNVwvMTFcL3JlZnVnZS1kZS1sLWFuZ291bW9pcy0yNi0xMC0yMy1ncmFpbmRlcGl4ZWwtNDU3LmpwZyIsInNsaWRlc2hvdyI6ImI3MzAzZDEifQ%3D%3D\" href=\"https:\/\/adopter.graindepixel.fr\/version\/wp-content\/uploads\/2025\/11\/refuge-de-l-angoumois-26-10-23-graindepixel-457.jpg\"><\/p>\n<figure><img decoding=\"async\" src=\"https:\/\/adopter.graindepixel.fr\/version\/wp-content\/uploads\/2025\/11\/refuge-de-l-angoumois-26-10-23-graindepixel-457-1024x682.jpg\" alt=\"refuge de l angoumois 26 10 23 graindepixel 457\" \/><\/figure>\n<p><\/a><a data-elementor-open-lightbox=\"yes\" data-elementor-lightbox-slideshow=\"b7303d1\" data-elementor-lightbox-title=\"refuge de l angoumois 26 10 23 graindepixel 506\" data-elementor-lightbox-description=\"Le chenil -Am\u00e9nagement du refuge de l&#039;angoumois - cr\u00e9dit photo : grain de pixel\" data-e-action-hash=\"#elementor-action%3Aaction%3Dlightbox%26settings%3DeyJpZCI6NzMxMiwidXJsIjoiaHR0cHM6XC9cL3d3dy5hZG9wdGVyLmdyYWluZGVwaXhlbC5mclwvdmVyc2lvblwvd3AtY29udGVudFwvdXBsb2Fkc1wvMjAyNVwvMTFcL3JlZnVnZS1kZS1sLWFuZ291bW9pcy0yNi0xMC0yMy1ncmFpbmRlcGl4ZWwtNTA2LmpwZyIsInNsaWRlc2hvdyI6ImI3MzAzZDEifQ%3D%3D\" href=\"https:\/\/adopter.graindepixel.fr\/version\/wp-content\/uploads\/2025\/11\/refuge-de-l-angoumois-26-10-23-graindepixel-506.jpg\"><\/p>\n<figure><img decoding=\"async\" src=\"https:\/\/adopter.graindepixel.fr\/version\/wp-content\/uploads\/2025\/11\/refuge-de-l-angoumois-26-10-23-graindepixel-506-1024x682.jpg\" alt=\"Le chenil -Am\u00e9nagement du refuge de l&#039;angoumois - cr\u00e9dit photo : grain de pixel\" \/><\/figure>\n<p><\/a><a data-elementor-open-lightbox=\"yes\" data-elementor-lightbox-slideshow=\"b7303d1\" data-elementor-lightbox-title=\"refuge de l angoumois 26 10 23 graindepixel 529\" data-elementor-lightbox-description=\"refuge de l angoumois 26 10 23 graindepixel 529\" data-e-action-hash=\"#elementor-action%3Aaction%3Dlightbox%26settings%3DeyJpZCI6NzMxMywidXJsIjoiaHR0cHM6XC9cL3d3dy5hZG9wdGVyLmdyYWluZGVwaXhlbC5mclwvdmVyc2lvblwvd3AtY29udGVudFwvdXBsb2Fkc1wvMjAyNVwvMTFcL3JlZnVnZS1kZS1sLWFuZ291bW9pcy0yNi0xMC0yMy1ncmFpbmRlcGl4ZWwtNTI5LmpwZyIsInNsaWRlc2hvdyI6ImI3MzAzZDEifQ%3D%3D\" href=\"https:\/\/adopter.graindepixel.fr\/version\/wp-content\/uploads\/2025\/11\/refuge-de-l-angoumois-26-10-23-graindepixel-529-1.jpg\"><\/p>\n<figure><img decoding=\"async\" src=\"https:\/\/adopter.graindepixel.fr\/version\/wp-content\/uploads\/2025\/11\/refuge-de-l-angoumois-26-10-23-graindepixel-529-1024x682.jpg\" alt=\"Le chenil -Am\u00e9nagement du refuge de l&#039;angoumois - cr\u00e9dit photo : grain de pixel\" \/><\/figure>\n<p><\/a><a data-elementor-open-lightbox=\"yes\" data-elementor-lightbox-slideshow=\"b7303d1\" data-elementor-lightbox-title=\"reguge de l angoumois grain de pixel photographe charente 211\" data-elementor-lightbox-description=\"Le chenil -Am\u00e9nagement du refuge de l&#039;angoumois - cr\u00e9dit photo : grain de pixel\" data-e-action-hash=\"#elementor-action%3Aaction%3Dlightbox%26settings%3DeyJpZCI6NzMxNCwidXJsIjoiaHR0cHM6XC9cL3d3dy5hZG9wdGVyLmdyYWluZGVwaXhlbC5mclwvdmVyc2lvblwvd3AtY29udGVudFwvdXBsb2Fkc1wvMjAyNVwvMTFcL3JlZ3VnZS1kZS1sLWFuZ291bW9pcy1ncmFpbi1kZS1waXhlbC1waG90b2dyYXBoZS1jaGFyZW50ZS0yMTEuanBnIiwic2xpZGVzaG93IjoiYjczMDNkMSJ9\" href=\"https:\/\/adopter.graindepixel.fr\/version\/wp-content\/uploads\/2025\/11\/reguge-de-l-angoumois-grain-de-pixel-photographe-charente-211.jpg\"><\/p>\n<figure><img decoding=\"async\" src=\"https:\/\/adopter.graindepixel.fr\/version\/wp-content\/uploads\/2025\/11\/reguge-de-l-angoumois-grain-de-pixel-photographe-charente-211-1024x682.jpg\" alt=\"Le chenil -Am\u00e9nagement du refuge de l&#039;angoumois - cr\u00e9dit photo : grain de pixel\" \/><\/figure>\n<p><\/a><a data-elementor-open-lightbox=\"yes\" data-elementor-lightbox-slideshow=\"b7303d1\" data-elementor-lightbox-title=\"reguge de l angoumois grain de pixel photographe charente 241\" data-elementor-lightbox-description=\"Le chenil -Am\u00e9nagement du refuge de l&#039;angoumois - cr\u00e9dit photo : grain de pixel\" data-e-action-hash=\"#elementor-action%3Aaction%3Dlightbox%26settings%3DeyJpZCI6NzMxNSwidXJsIjoiaHR0cHM6XC9cL3d3dy5hZG9wdGVyLmdyYWluZGVwaXhlbC5mclwvdmVyc2lvblwvd3AtY29udGVudFwvdXBsb2Fkc1wvMjAyNVwvMTFcL3JlZ3VnZS1kZS1sLWFuZ291bW9pcy1ncmFpbi1kZS1waXhlbC1waG90b2dyYXBoZS1jaGFyZW50ZS0yNDEuanBnIiwic2xpZGVzaG93IjoiYjczMDNkMSJ9\" href=\"https:\/\/adopter.graindepixel.fr\/version\/wp-content\/uploads\/2025\/11\/reguge-de-l-angoumois-grain-de-pixel-photographe-charente-241.jpg\"><\/p>\n<figure><img decoding=\"async\" src=\"https:\/\/adopter.graindepixel.fr\/version\/wp-content\/uploads\/2025\/11\/reguge-de-l-angoumois-grain-de-pixel-photographe-charente-241-1024x682.jpg\" alt=\"Le chenil -Am\u00e9nagement du refuge de l&#039;angoumois - cr\u00e9dit photo : grain de pixel\" \/><\/figure>\n<p><\/a><a data-elementor-open-lightbox=\"yes\" data-elementor-lightbox-slideshow=\"b7303d1\" data-elementor-lightbox-title=\"reguge de l angoumois grain de pixel photographe charente 252\" data-elementor-lightbox-description=\"Le chenil -Am\u00e9nagement du refuge de l&#039;angoumois - cr\u00e9dit photo : grain de pixel\" data-e-action-hash=\"#elementor-action%3Aaction%3Dlightbox%26settings%3DeyJpZCI6NzMxNiwidXJsIjoiaHR0cHM6XC9cL3d3dy5hZG9wdGVyLmdyYWluZGVwaXhlbC5mclwvdmVyc2lvblwvd3AtY29udGVudFwvdXBsb2Fkc1wvMjAyNVwvMTFcL3JlZ3VnZS1kZS1sLWFuZ291bW9pcy1ncmFpbi1kZS1waXhlbC1waG90b2dyYXBoZS1jaGFyZW50ZS0yNTIuanBnIiwic2xpZGVzaG93IjoiYjczMDNkMSJ9\" href=\"https:\/\/adopter.graindepixel.fr\/version\/wp-content\/uploads\/2025\/11\/reguge-de-l-angoumois-grain-de-pixel-photographe-charente-252-1.jpg\"><\/p>\n<figure><img decoding=\"async\" src=\"https:\/\/adopter.graindepixel.fr\/version\/wp-content\/uploads\/2025\/11\/reguge-de-l-angoumois-grain-de-pixel-photographe-charente-252-1024x682.jpg\" alt=\"reguge de l angoumois grain de pixel photographe charente 252\" \/><\/figure>\n<p><\/a><a data-elementor-open-lightbox=\"yes\" data-elementor-lightbox-slideshow=\"b7303d1\" data-elementor-lightbox-title=\"reguge de l angoumois grain de pixel photographe charente 253\" data-elementor-lightbox-description=\"Le chenil -Am\u00e9nagement du refuge de l&#039;angoumois - cr\u00e9dit photo : grain de pixel\" data-e-action-hash=\"#elementor-action%3Aaction%3Dlightbox%26settings%3DeyJpZCI6NzMxNywidXJsIjoiaHR0cHM6XC9cL3d3dy5hZG9wdGVyLmdyYWluZGVwaXhlbC5mclwvdmVyc2lvblwvd3AtY29udGVudFwvdXBsb2Fkc1wvMjAyNVwvMTFcL3JlZ3VnZS1kZS1sLWFuZ291bW9pcy1ncmFpbi1kZS1waXhlbC1waG90b2dyYXBoZS1jaGFyZW50ZS0yNTMuanBnIiwic2xpZGVzaG93IjoiYjczMDNkMSJ9\" href=\"https:\/\/adopter.graindepixel.fr\/version\/wp-content\/uploads\/2025\/11\/reguge-de-l-angoumois-grain-de-pixel-photographe-charente-253.jpg\"><\/p>\n<figure><img decoding=\"async\" src=\"https:\/\/adopter.graindepixel.fr\/version\/wp-content\/uploads\/2025\/11\/reguge-de-l-angoumois-grain-de-pixel-photographe-charente-253-1024x682.jpg\" alt=\"reguge de l angoumois grain de pixel photographe charente 253\" \/><\/figure>\n<p><\/a><a data-elementor-open-lightbox=\"yes\" data-elementor-lightbox-slideshow=\"b7303d1\" data-elementor-lightbox-title=\"refuge angoumois grain de pixel 27 12 23 316\" data-elementor-lightbox-description=\"Am\u00e9nagement du refuge de l&#039;angoumois - cr\u00e9dit photo : grain de pixel\" data-e-action-hash=\"#elementor-action%3Aaction%3Dlightbox%26settings%3DeyJpZCI6NzMwOCwidXJsIjoiaHR0cHM6XC9cL3d3dy5hZG9wdGVyLmdyYWluZGVwaXhlbC5mclwvdmVyc2lvblwvd3AtY29udGVudFwvdXBsb2Fkc1wvMjAyNVwvMTFcL3JlZnVnZS1hbmdvdW1vaXMtZ3JhaW4tZGUtcGl4ZWwtMjctMTItMjMtMzE2LmpwZyIsInNsaWRlc2hvdyI6ImI3MzAzZDEifQ%3D%3D\" href=\"https:\/\/adopter.graindepixel.fr\/version\/wp-content\/uploads\/2025\/11\/refuge-angoumois-grain-de-pixel-27-12-23-316.jpg\"><\/p>\n<figure><img decoding=\"async\" src=\"https:\/\/adopter.graindepixel.fr\/version\/wp-content\/uploads\/2025\/11\/refuge-angoumois-grain-de-pixel-27-12-23-316-1024x682.jpg\" alt=\"Am\u00e9nagement du refuge de l&#039;angoumois - chenil et chatterie - cr\u00e9dit photo : grain de pixel\" \/><\/figure>\n<p><\/a>\t\t\t<\/p>\n<p>Depuis 2008 et le r\u00e9am\u00e9nagement du Refuge, <strong>des parcs de d\u00e9tente<\/strong> ont \u00e9t\u00e9 construits pour les chiens. Ces parcs leur permettent d\u2019\u00e9voluer librement, de courir, de jouer et parfois d\u2019aider \u00e0 la socialisation des plus peureux. Nous avons \u00e9galement la possibilit\u00e9 de tester les compatibilit\u00e9s des uns avec les autres en les introduisant prudemment en parcs sans laisse.<\/p>\n<p>Selon le comportement de chaque animal face \u00e0 son cong\u00e9n\u00e8re les b\u00e9n\u00e9voles et salari\u00e9s peuvent ainsi cr\u00e9er des couples de chiens qui pourront s\u2019entendre en boxes. Enfin, si vous avez d\u00e9j\u00e0 un chien<strong><a href=\"https:\/\/adopter.graindepixel.fr\/version\/les-adoptions\/\"> et que vous souhaitez en adopter un autre du refuge<\/a><\/strong>, nous pourrons tester leur entente en les l\u00e2chant tous les deux en parc (sous surveillance bien \u00e9videmment).<\/p>\n<h2>La chatterie<\/h2>\n<p>Fin 2013, le vieux mobil-home et l\u2019alg\u00e9co ont laiss\u00e9 place \u00e0 une nouvelle chatterie \u00e9quip\u00e9e de tout le confort, pour le plus grand plaisir de nos petits f\u00e9lins. Cette magnifique structure a \u00e9t\u00e9 <strong>\u00e9difi\u00e9e gr\u00e2ce au g\u00e9n\u00e9reux legs de Madame Jeanne Duport<\/strong>, et aux subventions accord\u00e9es par nos partenaires, <strong>les d\u00e9l\u00e9gu\u00e9s communautaires du Grand Angoul\u00eame, la Fondation 30 Millions d\u2019Amis, les mairies du d\u00e9partement, et les donateurs priv\u00e9s.<\/strong><\/p>\n<figure><img decoding=\"async\" src=\"https:\/\/adopter.graindepixel.fr\/version\/wp-content\/uploads\/2025\/11\/refuge-angoumois-13-10-23-graindepixel-719-1024x682.jpg\" alt=\"La chatterie -Am\u00e9nagement du refuge de l&#039;angoumois - cr\u00e9dit photo : grain de pixel\" \/><\/figure>\n<figure><img decoding=\"async\" src=\"https:\/\/adopter.graindepixel.fr\/version\/wp-content\/uploads\/2025\/11\/Refuge-angoumois-25-03-24-grain-de-pixel-129-1024x682.jpg\" alt=\"La chatterie -Am\u00e9nagement du refuge de l&#039;angoumois - cr\u00e9dit photo : grain de pixel\" \/><\/figure>\n<figure><img decoding=\"async\" src=\"https:\/\/adopter.graindepixel.fr\/version\/wp-content\/uploads\/2025\/11\/refuge-angoumois-grain-de-pixel-27-12-23-467-1024x682.jpg\" alt=\"refuge angoumois grain de pixel 27 12 23 467\" \/><\/figure>\n<figure><img decoding=\"async\" src=\"https:\/\/adopter.graindepixel.fr\/version\/wp-content\/uploads\/2025\/11\/refuge-angoumois-grain-de-pixel-27-12-23-473-1024x682.jpg\" alt=\"refuge angoumois grain de pixel 27 12 23 473\" \/><\/figure>\n<figure><img decoding=\"async\" src=\"https:\/\/adopter.graindepixel.fr\/version\/wp-content\/uploads\/2025\/11\/refuge-angoumois-grain-de-pixel-27-12-23-534-1024x682.jpg\" alt=\"La chatterie -Am\u00e9nagement du refuge de l&#039;angoumois - cr\u00e9dit photo : grain de pixel\" \/><\/figure>\n<figure><img decoding=\"async\" src=\"https:\/\/adopter.graindepixel.fr\/version\/wp-content\/uploads\/2025\/11\/refuge-angoumois-grain-de-pixel-27-12-23-544-1024x682.jpg\" alt=\"La chatterie -Am\u00e9nagement du refuge de l&#039;angoumois - cr\u00e9dit photo : grain de pixel\" \/><\/figure>\n<figure><img decoding=\"async\" src=\"https:\/\/adopter.graindepixel.fr\/version\/wp-content\/uploads\/2025\/11\/refuge-angoumois-grain-de-pixel-27-12-23-558-1024x682.jpg\" alt=\"La chatterie -Am\u00e9nagement du refuge de l&#039;angoumois - cr\u00e9dit photo : grain de pixel\" \/><\/figure>\n<figure><img decoding=\"async\" src=\"https:\/\/adopter.graindepixel.fr\/version\/wp-content\/uploads\/2025\/11\/refuge-angoumois-grain-de-pixel-27-12-23-564-1024x682.jpg\" alt=\"La chatterie -Am\u00e9nagement du refuge de l&#039;angoumois - cr\u00e9dit photo : grain de pixel\" \/><\/figure>\n<p>Le b\u00e2timent est compos\u00e9 d\u2019une grande salle commune, partag\u00e9e en deux espaces, l\u2019un d\u00e9di\u00e9 au repos et aux repas et l\u2019autre r\u00e9serv\u00e9 aux \u00ab sanitaires \u00bb de nos petits. Quatre autres petites salles permettent aussi d\u2019h\u00e9berger selon les besoins, les chatons, mais aussi les chats malades et en convalescence.<\/p>\n<p>Un enclos ext\u00e9rieur accueille \u00e9galement <strong><a href=\"https:\/\/adopter.graindepixel.fr\/version\/les-chats-a-ladoption\/\">tous nos chats qui souhaitent profiter d\u2019un peu d\u2019air frais<\/a><\/strong>. A leur guise ils passent ainsi d\u2019un lieu \u00e0 l\u2019autre, et b\u00e9n\u00e9ficient d\u2019un vrai terrain de jeux o\u00f9 ils peuvent courir, grimper, et observer, comme dans un jardin mais ici en semi libert\u00e9.<\/p>\n","protected":false},"excerpt":{"rendered":"<p>L\u2019am\u00e9nagement du refuge Refuge de l\u2019Angoumois \u2013 SPA de Mornac \u2013 Charente Des \u00e9quipements pour les animaux Au Refuge de l\u2019Angoumois, chaque espace a \u00e9t\u00e9 con\u00e7u pour offrir aux chiens et aux chats un cadre de vie s\u00e9curis\u00e9, confortable et propice \u00e0 leur \u00e9panouissement. Entre le chenil, les parcs, et la chatterie, nos installations r\u00e9pondent [&hellip;]<\/p>\n","protected":false},"author":1,"featured_media":1184,"parent":0,"menu_order":0,"comment_status":"closed","ping_status":"closed","template":"","meta":{"_acf_changed":false,"footnotes":""},"class_list":["post-1444","page","type-page","status-publish","has-post-thumbnail","hentry"],"acf":[],"_links":{"self":[{"href":"https:\/\/adopter.graindepixel.fr\/version\/wp-json\/wp\/v2\/pages\/1444","targetHints":{"allow":["GET"]}}],"collection":[{"href":"https:\/\/adopter.graindepixel.fr\/version\/wp-json\/wp\/v2\/pages"}],"about":[{"href":"https:\/\/adopter.graindepixel.fr\/version\/wp-json\/wp\/v2\/types\/page"}],"author":[{"embeddable":true,"href":"https:\/\/adopter.graindepixel.fr\/version\/wp-json\/wp\/v2\/users\/1"}],"replies":[{"embeddable":true,"href":"https:\/\/adopter.graindepixel.fr\/version\/wp-json\/wp\/v2\/comments?post=1444"}],"version-history":[{"count":0,"href":"https:\/\/adopter.graindepixel.fr\/version\/wp-json\/wp\/v2\/pages\/1444\/revisions"}],"wp:featuredmedia":[{"embeddable":true,"href":"https:\/\/adopter.graindepixel.fr\/version\/wp-json\/wp\/v2\/media\/1184"}],"wp:attachment":[{"href":"https:\/\/adopter.graindepixel.fr\/version\/wp-json\/wp\/v2\/media?parent=1444"}],"curies":[{"name":"wp","href":"https:\/\/api.w.org\/{rel}","templated":true}]}}