{"id":1464,"date":"2023-10-11T18:06:45","date_gmt":"2023-10-11T16:06:45","guid":{"rendered":"https:\/\/refuge.graindepixel.fr\/wordpress\/?page_id=1464"},"modified":"2026-03-12T10:57:15","modified_gmt":"2026-03-12T09:57:15","slug":"devenir-benevole-au-refuge-mornac","status":"publish","type":"page","link":"https:\/\/adopter.graindepixel.fr\/version\/devenir-benevole-au-refuge-mornac\/","title":{"rendered":"Candidatez en tant que b\u00e9n\u00e9vole au refuge"},"content":{"rendered":"<h1>Devenir b\u00e9n\u00e9vole<\/h1>\n<h2>Envoyez votre candidature<\/h2>\n<p>\t\t\t\t\t\t\t\t\t\t\t\t\t\t\t<img loading=\"lazy\" decoding=\"async\" width=\"1024\" height=\"682\" src=\"https:\/\/adopter.graindepixel.fr\/version\/wp-content\/uploads\/2024\/01\/refuge-angoumois-13-10-23-graindepixel-455-1024x682.jpg\" alt=\"b\u00e9n\u00e9vole au refuge de l&#039;angoumois\" srcset=\"https:\/\/collectif.graindepixel.fr\/element\/wp-content\/uploads\/2024\/01\/refuge-angoumois-13-10-23-graindepixel-455-1024x682.jpg 1024w, https:\/\/collectif.graindepixel.fr\/element\/wp-content\/uploads\/2024\/01\/refuge-angoumois-13-10-23-graindepixel-455-300x200.jpg 300w, https:\/\/collectif.graindepixel.fr\/element\/wp-content\/uploads\/2024\/01\/refuge-angoumois-13-10-23-graindepixel-455-768x511.jpg 768w, https:\/\/collectif.graindepixel.fr\/element\/wp-content\/uploads\/2024\/01\/refuge-angoumois-13-10-23-graindepixel-455-1536x1022.jpg 1536w, https:\/\/collectif.graindepixel.fr\/element\/wp-content\/uploads\/2024\/01\/refuge-angoumois-13-10-23-graindepixel-455.jpg 2048w\" sizes=\"auto, (max-width: 1024px) 100vw, 1024px\" \/>\t\t\t\t\t\t\t\t\t\t\t\t\t\t\t<\/p>\n<h2>Devenir b\u00e9n\u00e9vole au refuge<\/h2>\n<h3>On a besoin de vous !<br \/>\n<\/h3>\n<p>Vous souhaitez devenir b\u00e9n\u00e9vole au Refuge de l\u2019Angoumois ? Alors remplissez vite le formulaire et candidatez.<\/p>\n<p>\u00a0<\/p>\n<p>On a toujours besoins de bonnes volont\u00e9, de gens aux multiples talents pour nos pensionnaires : peinture, r\u00e9paration, jardinage, promenade, partir en qu\u00eate de dons, am\u00e9nagement, bricolage, caresseur de chats toudoux et bien d\u2019autres !<\/p>\n<p>\u00a0<\/p>\n<p>On ne vous remerciera jamais assez de vous investir pour nos prot\u00e9g\u00e9s ! Merci pour votre engagement<\/p>\n<p>Pour nous aider \u00e0 mieux vous accueillir et adapter les t\u00e2ches possibles nous avons besoin de mieux vous connaitre. Prenez le temps de remplir le formulaire et nous pourrons ainsi prendre contact avec vous. Nos journ\u00e9es \u00e9tant tr\u00e8s charg\u00e9es, il se peut que la r\u00e9ponse mette du temps. N\u2019h\u00e9sitez pas \u00e0 nous rappeler<\/p>\n","protected":false},"excerpt":{"rendered":"<p>Devenir b\u00e9n\u00e9vole Envoyez votre candidature Devenir b\u00e9n\u00e9vole au refuge On a besoin de vous ! Vous souhaitez devenir b\u00e9n\u00e9vole au Refuge de l\u2019Angoumois ? Alors remplissez vite le formulaire et candidatez. \u00a0 On a toujours besoins de bonnes volont\u00e9, de gens aux multiples talents pour nos pensionnaires : peinture, r\u00e9paration, jardinage, promenade, partir en qu\u00eate [&hellip;]<\/p>\n","protected":false},"author":1,"featured_media":1836,"parent":0,"menu_order":0,"comment_status":"closed","ping_status":"closed","template":"","meta":{"_acf_changed":false,"footnotes":""},"class_list":["post-1464","page","type-page","status-publish","has-post-thumbnail","hentry"],"acf":[],"_links":{"self":[{"href":"https:\/\/adopter.graindepixel.fr\/version\/wp-json\/wp\/v2\/pages\/1464","targetHints":{"allow":["GET"]}}],"collection":[{"href":"https:\/\/adopter.graindepixel.fr\/version\/wp-json\/wp\/v2\/pages"}],"about":[{"href":"https:\/\/adopter.graindepixel.fr\/version\/wp-json\/wp\/v2\/types\/page"}],"author":[{"embeddable":true,"href":"https:\/\/adopter.graindepixel.fr\/version\/wp-json\/wp\/v2\/users\/1"}],"replies":[{"embeddable":true,"href":"https:\/\/adopter.graindepixel.fr\/version\/wp-json\/wp\/v2\/comments?post=1464"}],"version-history":[{"count":2,"href":"https:\/\/adopter.graindepixel.fr\/version\/wp-json\/wp\/v2\/pages\/1464\/revisions"}],"predecessor-version":[{"id":41644,"href":"https:\/\/adopter.graindepixel.fr\/version\/wp-json\/wp\/v2\/pages\/1464\/revisions\/41644"}],"wp:featuredmedia":[{"embeddable":true,"href":"https:\/\/adopter.graindepixel.fr\/version\/wp-json\/wp\/v2\/media\/1836"}],"wp:attachment":[{"href":"https:\/\/adopter.graindepixel.fr\/version\/wp-json\/wp\/v2\/media?parent=1464"}],"curies":[{"name":"wp","href":"https:\/\/api.w.org\/{rel}","templated":true}]}}