{"id":1728,"date":"2023-11-27T09:06:30","date_gmt":"2023-11-27T08:06:30","guid":{"rendered":"https:\/\/refuge.graindepixel.fr\/wordpress\/?page_id=1728"},"modified":"2026-02-28T17:00:52","modified_gmt":"2026-02-28T16:00:52","slug":"faire-un-don-ou-un-legs-au-refuge","status":"publish","type":"page","link":"https:\/\/adopter.graindepixel.fr\/version\/faire-un-don-ou-un-legs-au-refuge\/","title":{"rendered":"Faire un don ou un legs au refuge"},"content":{"rendered":"<h1>Faire un don ou un leg<\/h1>\n<h2>au refuge de l&rsquo;Angoumois<\/h2>\n<h2>Le refuge de l\u2019Angoumois<br \/>\na besoin de vos dons !<\/h2>\n<h3>Le refuge ne vit que gr\u00e2ce \u00e0 vos dons et sans votre soutien, nous n\u2019y arriverons pas.<\/h3>\n<p>Nos animaux ont plus que jamais besoin de vous. Merci pour votre aide aussi pr\u00e9cieuse. A l\u2019heure o\u00f9 les difficult\u00e9s se succ\u00e8dent pour le refuge de l\u2019Angoumois, vous \u00eates nombreux \u00e0 nous demander comment nous apporter votre aide. Nous faisons r\u00e9guli\u00e8rement appel \u00e0 vous pour des collectes de couvertures, de mat\u00e9riel divers, de nourriture\u2026 Et nous savons que nous pouvons compter sur votre g\u00e9n\u00e9reux soutien.<\/p>\n<h3>Le refuge ne vit que gr\u00e2ce \u00e0 vos dons et sans votre soutien, nous n\u2019y arriverons pas.<\/h3>\n<h2>Vous souhaitez faire plus encore<br \/>\nmais vous ne savez pas comment ?<\/h2>\n<p>Le Refuge de l\u2019Angoumois est un refuge ind\u00e9pendant, g\u00e9r\u00e9 par une association loi 1901. Rien \u00e0 voir avec la SPA de Paris qui elle aussi regroupe une cinquantaine de refuges sur toute la France.<\/p>\n<p>Beaucoup d4entre vous font des dons \u00e0 Paris pensant que la SPA nationale nous reverse quelque argent en retour.\u00a0Malheureusement ce n\u2019est pas le cas, nous ne recevons RIEN de la SPA de Paris.<\/p>\n<p>\u00a0<\/p>\n<p>Dans le cas de legs de tout ou partie de vos biens mobiliers ou immobiliers, notre affiliation \u00e0 la Conf\u00e9d\u00e9ration rend toutes ces d\u00e9marches possibles. Pour que vos volont\u00e9s soient respect\u00e9es, un testament doit \u00eatre \u00e9crit \u00e0 la main et confi\u00e9 \u00e0 un notaire. Il vous suffit de pr\u00e9ciser clairement le destinataire de votre legs. Si vous avez choisi notre refuge, voici les coordonn\u00e9es \u00e0 transmettre :<\/p>\n<p>Lorem ipsum dolor sit amet, consectetur adipiscing elit. Ut elit tellus, luctus nec ullamcorper mattis, pulvinar dapibus leo.<\/p>\n<p>Dans le cas de legs de tout ou partie de vos biens mobiliers ou immobiliers, notre affiliation \u00e0 la Conf\u00e9d\u00e9ration rend toutes ces d\u00e9marches possibles. Pour que vos volont\u00e9s soient respect\u00e9es, un testament doit \u00eatre \u00e9crit \u00e0 la main et confi\u00e9 \u00e0 un notaire. Il vous suffit de pr\u00e9ciser clairement le destinataire de votre legs. Si vous avez choisi notre refuge, voici les coordonn\u00e9es \u00e0 transmettre :<\/p>\n<p>Dans le cas de legs de tout ou partie de vos biens mobiliers ou immobiliers, notre affiliation \u00e0 la Conf\u00e9d\u00e9ration rend toutes ces d\u00e9marches possibles. Pour que vos volont\u00e9s soient respect\u00e9es, un testament doit \u00eatre \u00e9crit \u00e0 la main et confi\u00e9 \u00e0 un notaire. Il vous suffit de pr\u00e9ciser clairement le destinataire de votre legs. Si vous avez choisi notre refuge, voici les coordonn\u00e9es \u00e0 transmettre :<\/p>\n<p>Refuge de l\u2019Angoumois-SPA de Mornac<br \/>Les Mesniers-Route de bois long<br \/>16600 MORNAC<\/p>\n","protected":false},"excerpt":{"rendered":"<p>Faire un don ou un leg au refuge de l&rsquo;Angoumois Le refuge de l\u2019Angoumois a besoin de vos dons ! Le refuge ne vit que gr\u00e2ce \u00e0 vos dons et sans votre soutien, nous n\u2019y arriverons pas. Nos animaux ont plus que jamais besoin de vous. Merci pour votre aide aussi pr\u00e9cieuse. A l\u2019heure o\u00f9 [&hellip;]<\/p>\n","protected":false},"author":1,"featured_media":1854,"parent":0,"menu_order":0,"comment_status":"closed","ping_status":"closed","template":"","meta":{"_acf_changed":false,"footnotes":""},"class_list":["post-1728","page","type-page","status-publish","has-post-thumbnail","hentry"],"acf":[],"_links":{"self":[{"href":"https:\/\/adopter.graindepixel.fr\/version\/wp-json\/wp\/v2\/pages\/1728","targetHints":{"allow":["GET"]}}],"collection":[{"href":"https:\/\/adopter.graindepixel.fr\/version\/wp-json\/wp\/v2\/pages"}],"about":[{"href":"https:\/\/adopter.graindepixel.fr\/version\/wp-json\/wp\/v2\/types\/page"}],"author":[{"embeddable":true,"href":"https:\/\/adopter.graindepixel.fr\/version\/wp-json\/wp\/v2\/users\/1"}],"replies":[{"embeddable":true,"href":"https:\/\/adopter.graindepixel.fr\/version\/wp-json\/wp\/v2\/comments?post=1728"}],"version-history":[{"count":0,"href":"https:\/\/adopter.graindepixel.fr\/version\/wp-json\/wp\/v2\/pages\/1728\/revisions"}],"wp:featuredmedia":[{"embeddable":true,"href":"https:\/\/adopter.graindepixel.fr\/version\/wp-json\/wp\/v2\/media\/1854"}],"wp:attachment":[{"href":"https:\/\/adopter.graindepixel.fr\/version\/wp-json\/wp\/v2\/media?parent=1728"}],"curies":[{"name":"wp","href":"https:\/\/api.w.org\/{rel}","templated":true}]}}