{"id":1740,"date":"2023-11-27T10:21:58","date_gmt":"2023-11-27T09:21:58","guid":{"rendered":"https:\/\/refuge.graindepixel.fr\/wordpress\/?page_id=1740"},"modified":"2026-02-28T16:56:31","modified_gmt":"2026-02-28T15:56:31","slug":"don-de-materiel-nourriture-refuge","status":"publish","type":"page","link":"https:\/\/adopter.graindepixel.fr\/version\/don-de-materiel-nourriture-refuge\/","title":{"rendered":"Faire un don de mat\u00e9riel\/nourriture"},"content":{"rendered":"<h1>Les dons de mat\u00e9riel et de nourriture<\/h1>\n<h2>Nos pensionnaires ont besoin de vous<\/h2>\n<h2>Un don de nourriture, de mat\u00e9riel<br \/>\n<\/h2>\n<h3>au refuge de l\u2019Angoumois<br \/>\n<\/h3>\n<p>Couvertures, liti\u00e8re, croquettes\u2026 Le Refuge a toujours besoin de dons mat\u00e9riels pour ses petits prot\u00e9g\u00e9s. Les animaux du Refuge ont toujours besoin de vos dons mat\u00e9riels. Surtout pas de couette ni d\u2019oreiller car les animaux les d\u00e9truisent et risquent de s\u2019\u00e9touffer avec les mousses ou autres mat\u00e9riaux contenues dedans, merci de votre compr\u00e9hension.<\/p>\n<p>\t\t\t\t\t\t\t\t\t\t\t\t\t\t\t<img loading=\"lazy\" decoding=\"async\" width=\"1024\" height=\"682\" src=\"https:\/\/adopter.graindepixel.fr\/version\/wp-content\/uploads\/2025\/12\/erfuge-angoumois-25-10-25-grain-de-pixel-357-1024x682.jpg\" alt=\"Don de nourriture et mat\u00e9riel - refuge de l&#039;Angoumois- SPA de Mornac - Charente - cr\u00e9dit photo : Franck Simon\" srcset=\"https:\/\/adopter.graindepixel.fr\/version\/wp-content\/uploads\/2025\/12\/erfuge-angoumois-25-10-25-grain-de-pixel-357-1024x682.jpg 1024w, https:\/\/adopter.graindepixel.fr\/version\/wp-content\/uploads\/2025\/12\/erfuge-angoumois-25-10-25-grain-de-pixel-357-300x200.jpg 300w, https:\/\/adopter.graindepixel.fr\/version\/wp-content\/uploads\/2025\/12\/erfuge-angoumois-25-10-25-grain-de-pixel-357-768x511.jpg 768w, https:\/\/adopter.graindepixel.fr\/version\/wp-content\/uploads\/2025\/12\/erfuge-angoumois-25-10-25-grain-de-pixel-357-1536x1022.jpg 1536w, https:\/\/adopter.graindepixel.fr\/version\/wp-content\/uploads\/2025\/12\/erfuge-angoumois-25-10-25-grain-de-pixel-357.jpg 2048w\" sizes=\"auto, (max-width: 1024px) 100vw, 1024px\" \/><br \/>\n\t\t\t\t\t\t\t\t\t\t\t\t\t\t\t<img loading=\"lazy\" decoding=\"async\" width=\"1024\" height=\"682\" src=\"https:\/\/adopter.graindepixel.fr\/version\/wp-content\/uploads\/2025\/12\/erfuge-angoumois-25-10-25-grain-de-pixel-366-1024x682.jpg\" alt=\"Don de nourriture et mat\u00e9riel - refuge de l&#039;Angoumois- SPA de Mornac - Charente - cr\u00e9dit photo : Franck Simon - photographe canin en Charente\" srcset=\"https:\/\/adopter.graindepixel.fr\/version\/wp-content\/uploads\/2025\/12\/erfuge-angoumois-25-10-25-grain-de-pixel-366-1024x682.jpg 1024w, https:\/\/adopter.graindepixel.fr\/version\/wp-content\/uploads\/2025\/12\/erfuge-angoumois-25-10-25-grain-de-pixel-366-300x200.jpg 300w, https:\/\/adopter.graindepixel.fr\/version\/wp-content\/uploads\/2025\/12\/erfuge-angoumois-25-10-25-grain-de-pixel-366-768x511.jpg 768w, https:\/\/adopter.graindepixel.fr\/version\/wp-content\/uploads\/2025\/12\/erfuge-angoumois-25-10-25-grain-de-pixel-366-1536x1022.jpg 1536w, https:\/\/adopter.graindepixel.fr\/version\/wp-content\/uploads\/2025\/12\/erfuge-angoumois-25-10-25-grain-de-pixel-366.jpg 2048w\" sizes=\"auto, (max-width: 1024px) 100vw, 1024px\" \/>\t\t\t\t\t\t\t\t\t\t\t\t\t\t\t<\/p>\n<ul>\n<li>P\u00e2t\u00e9e pour chats d\u2019int\u00e9rieur, st\u00e9rilis\u00e9s, pour chatons<\/li>\n<li>stick \u00e0 lecher<\/li>\n<li>Croquettes (haute qualit\u00e9, type virbac ou sans c\u00e9r\u00e9ales)<\/li>\n<li>Croquettes sp\u00e9cifiques (gastro-intestinale \/ r\u00e9nal \/ hypoallerg\u00e9nique)<\/li>\n<li>Liti\u00e8re<\/li>\n<li>Couvertures moelleuses<\/li>\n<li>Pani\u00e8res pour chat<\/li>\n<li>Arbres \u00e0 chat<\/li>\n<li>Gros bols en c\u00e9ramique (pas trop hauts mais assez lourd pour ne pas \u00eatre renvers\u00e9s)<\/li>\n<\/ul>\n<p>\t\t\t\t\t\t\t\t\t\t\t\t\t\t\t<img loading=\"lazy\" decoding=\"async\" width=\"1024\" height=\"682\" src=\"https:\/\/adopter.graindepixel.fr\/version\/wp-content\/uploads\/2025\/12\/erfuge-angoumois-25-10-25-grain-de-pixel-409-1024x682.jpg\" alt=\"Don de nourriture et mat\u00e9riel - refuge de l&#039;Angoumois- SPA de Mornac - Charente - cr\u00e9dit photo : Franck Simon - photographe canin en Charente\" srcset=\"https:\/\/adopter.graindepixel.fr\/version\/wp-content\/uploads\/2025\/12\/erfuge-angoumois-25-10-25-grain-de-pixel-409-1024x682.jpg 1024w, https:\/\/adopter.graindepixel.fr\/version\/wp-content\/uploads\/2025\/12\/erfuge-angoumois-25-10-25-grain-de-pixel-409-300x200.jpg 300w, https:\/\/adopter.graindepixel.fr\/version\/wp-content\/uploads\/2025\/12\/erfuge-angoumois-25-10-25-grain-de-pixel-409-768x511.jpg 768w, https:\/\/adopter.graindepixel.fr\/version\/wp-content\/uploads\/2025\/12\/erfuge-angoumois-25-10-25-grain-de-pixel-409-1536x1022.jpg 1536w, https:\/\/adopter.graindepixel.fr\/version\/wp-content\/uploads\/2025\/12\/erfuge-angoumois-25-10-25-grain-de-pixel-409.jpg 2048w\" sizes=\"auto, (max-width: 1024px) 100vw, 1024px\" \/>\t\t\t\t\t\t\t\t\t\t\t\t\t\t\t<\/p>\n<ul>\n<li>Croquettes uniquement haute qualit\u00e9, type virbac ou sans c\u00e9r\u00e9ales<\/li>\n<li>croquettes sp\u00e9cifiques (gastro-intestinale \/ r\u00e9nal \/ hypoallerg\u00e9nique)<\/li>\n<li>Couvertures chaudes et plaids<\/li>\n<li>Jouets solides comme des cordes par exemple<\/li>\n<li>Jouets type Kong<\/li>\n<\/ul>\n<h3>A noter <\/h3>\n<p>Les croquettes premier prix (type: canailles, eco+, brekies\u2026) peuvent rendre les animaux malades ou un refus de les manger. On aimerait prioriser la qualit\u00e9 \u00e0 la quantit\u00e9 pour \u00e9viter les pertes. Sans oublier que nos pensionnaires ont besoin de nourriture enrichie pour leur remise en \u00e9tat.<\/p>\n<h2>Les points de collecte du refuge<\/h2>\n<p>Le refuge de l\u2019Angoumois survit chaque jour gr\u00e2ce \u00e0 vos dons. Vous pouvez nous aider de plusieurs mani\u00e8res et selon vos budgets, vos moyens, vos possibilit\u00e9s. Nous sommes aussi b\u00e9n\u00e9ficiaires de la g\u00e9n\u00e9rosit\u00e9 des boutiques sp\u00e9cialis\u00e9es dans les animaux avec des points de collectes d\u00e9di\u00e9s \u00e0 la r\u00e9colte de vos dons.<\/p>\n<h2>Animal Nutrition \u00e0 Soyaux<\/h2>\n<p>La boutique Croc Blanc \u00e0 Champniers sp\u00e9cialiste du chien et du chat est un point de collecte pour le refuge. En allant faire vos courses, pensez \u00e0 nos amis \u00e0 4 pattes, un petit jouet, un sac de croquettes.<\/p>\n<p>\t\t\t\t\t<a href=\"https:\/\/www.animal-nutrition-16.com\/\" target=\"_blank\" rel=\"noopener\"><br \/>\n\t\t\t\t\t\t\t\t\tAnimal Nutrition<br \/>\n\t\t\t\t\t<\/a><\/p>\n<h2>Croc-Blanc \u00e0 Champniers<\/h2>\n<p>Animal Nutrition, sp\u00e9cialiste du chien, chat, et chevaux est un point de collecte pour le refuge. Une adresse suppl\u00e9mentaire \u00e0 votre service et ceux de vos animaux. N\u2019h\u00e9sitez pas \u00e0 leur rendre visite vous serez tr\u00e8s bien accueilli.<\/p>\n<p>\t\t\t\t\t<a href=\"https:\/\/crocblanc.fr\/\" target=\"_blank\" rel=\"noopener\"><br \/>\n\t\t\t\t\t\t\t\t\tCroc-Blanc<br \/>\n\t\t\t\t\t<\/a><\/p>\n","protected":false},"excerpt":{"rendered":"<p>Les dons de mat\u00e9riel et de nourriture Nos pensionnaires ont besoin de vous Un don de nourriture, de mat\u00e9riel au refuge de l\u2019Angoumois Couvertures, liti\u00e8re, croquettes\u2026 Le Refuge a toujours besoin de dons mat\u00e9riels pour ses petits prot\u00e9g\u00e9s. Les animaux du Refuge ont toujours besoin de vos dons mat\u00e9riels. Surtout pas de couette ni d\u2019oreiller [&hellip;]<\/p>\n","protected":false},"author":1,"featured_media":1851,"parent":0,"menu_order":0,"comment_status":"closed","ping_status":"closed","template":"","meta":{"_acf_changed":false,"footnotes":""},"class_list":["post-1740","page","type-page","status-publish","has-post-thumbnail","hentry"],"acf":[],"_links":{"self":[{"href":"https:\/\/adopter.graindepixel.fr\/version\/wp-json\/wp\/v2\/pages\/1740","targetHints":{"allow":["GET"]}}],"collection":[{"href":"https:\/\/adopter.graindepixel.fr\/version\/wp-json\/wp\/v2\/pages"}],"about":[{"href":"https:\/\/adopter.graindepixel.fr\/version\/wp-json\/wp\/v2\/types\/page"}],"author":[{"embeddable":true,"href":"https:\/\/adopter.graindepixel.fr\/version\/wp-json\/wp\/v2\/users\/1"}],"replies":[{"embeddable":true,"href":"https:\/\/adopter.graindepixel.fr\/version\/wp-json\/wp\/v2\/comments?post=1740"}],"version-history":[{"count":0,"href":"https:\/\/adopter.graindepixel.fr\/version\/wp-json\/wp\/v2\/pages\/1740\/revisions"}],"wp:featuredmedia":[{"embeddable":true,"href":"https:\/\/adopter.graindepixel.fr\/version\/wp-json\/wp\/v2\/media\/1851"}],"wp:attachment":[{"href":"https:\/\/adopter.graindepixel.fr\/version\/wp-json\/wp\/v2\/media?parent=1740"}],"curies":[{"name":"wp","href":"https:\/\/api.w.org\/{rel}","templated":true}]}}