{"id":1743,"date":"2023-11-27T10:29:26","date_gmt":"2023-11-27T09:29:26","guid":{"rendered":"https:\/\/refuge.graindepixel.fr\/wordpress\/?page_id=1743"},"modified":"2026-02-09T19:04:10","modified_gmt":"2026-02-09T18:04:10","slug":"identification-d-un-animal","status":"publish","type":"page","link":"https:\/\/adopter.graindepixel.fr\/version\/identification-d-un-animal\/","title":{"rendered":"Identification d\u2019un animal"},"content":{"rendered":"<h2>L&rsquo;identification d&rsquo;un animal<\/h2>\n<h3>Refuge de l&rsquo;Angoumois &#8211; SPA de Mornac<\/h3>\n<p>\t\t\t\t\t\t\t\t\t\t\t\t\t\t\t<img loading=\"lazy\" decoding=\"async\" width=\"1024\" height=\"682\" src=\"https:\/\/adopter.graindepixel.fr\/version\/wp-content\/uploads\/2025\/11\/erfuge-angoumois-25-10-25-grain-de-pixel-355-1024x682.jpg\" alt=\"identification d&#039;un animal - refuge de l&#039;Angoumois - SPA de Mornac - Charente - cr\u00e9dit photo \/ Franck SIMON - graindepixel.fr\" srcset=\"https:\/\/adopter.graindepixel.fr\/version\/wp-content\/uploads\/2025\/11\/erfuge-angoumois-25-10-25-grain-de-pixel-355-1024x682.jpg 1024w, https:\/\/adopter.graindepixel.fr\/version\/wp-content\/uploads\/2025\/11\/erfuge-angoumois-25-10-25-grain-de-pixel-355-300x200.jpg 300w, https:\/\/adopter.graindepixel.fr\/version\/wp-content\/uploads\/2025\/11\/erfuge-angoumois-25-10-25-grain-de-pixel-355-768x511.jpg 768w, https:\/\/adopter.graindepixel.fr\/version\/wp-content\/uploads\/2025\/11\/erfuge-angoumois-25-10-25-grain-de-pixel-355-1536x1022.jpg 1536w, https:\/\/adopter.graindepixel.fr\/version\/wp-content\/uploads\/2025\/11\/erfuge-angoumois-25-10-25-grain-de-pixel-355.jpg 2048w\" sizes=\"auto, (max-width: 1024px) 100vw, 1024px\" \/>\t\t\t\t\t\t\t\t\t\t\t\t\t\t\t<\/p>\n<h2>Qu\u2019est-ce que l\u2019identification ?<\/h2>\n<h3>Un acte v\u00e9t\u00e9rinaire<\/h3>\n<p>L\u2019identification est obligatoire et constitue la v\u00e9ritable carte d\u2019identit\u00e9 de votre chien ou chat. Elle associe un num\u00e9ro unique aux caract\u00e9ristiques de l\u2019animal et aux coordonn\u00e9es de son ma\u00eetre.<\/p>\n<p>\u00a0<\/p>\n<p>Autrefois r\u00e9alis\u00e9e par tatouage, elle se fait aujourd\u2019hui par puce \u00e9lectronique : une implantation rapide, quasi indolore, sans anesth\u00e9sie, lisible \u00e0 vie et infalsifiable.<\/p>\n<p>\u00a0<\/p>\n<p>Le propri\u00e9taire doit ensuite veiller \u00e0 mettre \u00e0 jour ses informations aupr\u00e8s de l\u2019ICAD (adresse, changement de d\u00e9tenteur, d\u00e9c\u00e8s).<\/p>\n<p>\t\t\t\t\t<a href=\"https:\/\/www.i-cad.fr\/\" target=\"_blank\" rel=\"noopener\"><br \/>\n\t\t\t\t\t\t\t\t\tICAD : les services<br \/>\n\t\t\t\t\t<\/a><\/p>\n<h2>L\u2019identification des chiens et des chats<\/h2>\n<h3>Une d\u00e9marche obligatoire<\/h3>\n<p>Pr\u00e9alablement \u00e0 leur cession, \u00e0 titre gratuit ou on\u00e9reux. Il en est de m\u00eame en dehors de toute cession pour les chiens n\u00e9s apr\u00e8s le 6 Janvier 1999 \u00e2g\u00e9s de + de 4 mois et pour les chats de + de 7 mois n\u00e9s apr\u00e8s le 1er Janvier 2012.<\/p>\n<p>\u00a0<\/p>\n<p>Pour simplifier, si vous donnez ou vendez un animal \u00e0 quelqu\u2019un, vous devez le faire identifier et les frais sont \u00e0 votre charge.<\/p>\n<p>\u00a0<\/p>\n<p>Toutes les petites annonces sur les journaux gratuits ou les sites en ligne qui vous proposent des chiots, chatons ou adultes donn\u00e9s ou vendus non puc\u00e9s ni tatou\u00e9s sont ill\u00e9gales.<\/p>\n<p>\t\t\t\t\t\t\t\t\t\t\t\t\t\t\t<img loading=\"lazy\" decoding=\"async\" width=\"1024\" height=\"682\" src=\"https:\/\/adopter.graindepixel.fr\/version\/wp-content\/uploads\/2025\/11\/refuge-angoumois-13-10-23-graindepixel-714-1024x682.jpg\" alt=\"identification d&#039;un animal - refuge de l&#039;Angoumois - SPA de Mornac - Charente - cr\u00e9dit photo \/ Franck SIMON - graindepixel.fr\" srcset=\"https:\/\/adopter.graindepixel.fr\/version\/wp-content\/uploads\/2025\/11\/refuge-angoumois-13-10-23-graindepixel-714-1024x682.jpg 1024w, https:\/\/adopter.graindepixel.fr\/version\/wp-content\/uploads\/2025\/11\/refuge-angoumois-13-10-23-graindepixel-714-300x200.jpg 300w, https:\/\/adopter.graindepixel.fr\/version\/wp-content\/uploads\/2025\/11\/refuge-angoumois-13-10-23-graindepixel-714-768x511.jpg 768w, https:\/\/adopter.graindepixel.fr\/version\/wp-content\/uploads\/2025\/11\/refuge-angoumois-13-10-23-graindepixel-714-1536x1022.jpg 1536w, https:\/\/adopter.graindepixel.fr\/version\/wp-content\/uploads\/2025\/11\/refuge-angoumois-13-10-23-graindepixel-714.jpg 2048w\" sizes=\"auto, (max-width: 1024px) 100vw, 1024px\" \/><br \/>\n\t\t\t\t\t\t\t\t\t\t\t\t\t\t\t<img loading=\"lazy\" decoding=\"async\" width=\"1024\" height=\"682\" src=\"https:\/\/adopter.graindepixel.fr\/version\/wp-content\/uploads\/2025\/11\/erfuge-angoumois-25-10-25-grain-de-pixel-377-1024x682.jpg\" alt=\"identification d&#039;un animal - refuge de l&#039;Angoumois - SPA de Mornac - Charente - cr\u00e9dit photo \/ Franck SIMON - graindepixel.fr\" srcset=\"https:\/\/adopter.graindepixel.fr\/version\/wp-content\/uploads\/2025\/11\/erfuge-angoumois-25-10-25-grain-de-pixel-377-1024x682.jpg 1024w, https:\/\/adopter.graindepixel.fr\/version\/wp-content\/uploads\/2025\/11\/erfuge-angoumois-25-10-25-grain-de-pixel-377-300x200.jpg 300w, https:\/\/adopter.graindepixel.fr\/version\/wp-content\/uploads\/2025\/11\/erfuge-angoumois-25-10-25-grain-de-pixel-377-768x511.jpg 768w, https:\/\/adopter.graindepixel.fr\/version\/wp-content\/uploads\/2025\/11\/erfuge-angoumois-25-10-25-grain-de-pixel-377-1536x1022.jpg 1536w, https:\/\/adopter.graindepixel.fr\/version\/wp-content\/uploads\/2025\/11\/erfuge-angoumois-25-10-25-grain-de-pixel-377.jpg 2048w\" sizes=\"auto, (max-width: 1024px) 100vw, 1024px\" \/><br \/>\n\t\t\t\t\t\t\t\t\t\t\t\t\t\t\t<img loading=\"lazy\" decoding=\"async\" width=\"1024\" height=\"682\" src=\"https:\/\/adopter.graindepixel.fr\/version\/wp-content\/uploads\/2025\/11\/erfuge-angoumois-25-10-25-grain-de-pixel-351-1024x682.jpg\" alt=\"identification d&#039;un animal - refuge de l&#039;Angoumois - SPA de Mornac - Charente - cr\u00e9dit photo \/ Franck SIMON - graindepixel.fr\" srcset=\"https:\/\/adopter.graindepixel.fr\/version\/wp-content\/uploads\/2025\/11\/erfuge-angoumois-25-10-25-grain-de-pixel-351-1024x682.jpg 1024w, https:\/\/adopter.graindepixel.fr\/version\/wp-content\/uploads\/2025\/11\/erfuge-angoumois-25-10-25-grain-de-pixel-351-300x200.jpg 300w, https:\/\/adopter.graindepixel.fr\/version\/wp-content\/uploads\/2025\/11\/erfuge-angoumois-25-10-25-grain-de-pixel-351-768x511.jpg 768w, https:\/\/adopter.graindepixel.fr\/version\/wp-content\/uploads\/2025\/11\/erfuge-angoumois-25-10-25-grain-de-pixel-351-1536x1022.jpg 1536w, https:\/\/adopter.graindepixel.fr\/version\/wp-content\/uploads\/2025\/11\/erfuge-angoumois-25-10-25-grain-de-pixel-351.jpg 2048w\" sizes=\"auto, (max-width: 1024px) 100vw, 1024px\" \/>\t\t\t\t\t\t\t\t\t\t\t\t\t\t\t<\/p>\n<h2>\u00a0L\u2019importance de l\u2019identification ICAD<\/h2>\n<h3>Un chien ou un chat qui se perd, trafic d\u2019animaux\u2026<\/h3>\n<p>Un chien fugueur ou un chat perdu peut \u00eatre rapidement retrouv\u00e9 gr\u00e2ce \u00e0 l\u2019identification, \u00e0 condition que vos coordonn\u00e9es ICAD (adresse et t\u00e9l\u00e9phone) soient \u00e0 jour.<\/p>\n<h3 style=\"text-align: center;\">Pourquoi c\u2019est essentiel ?<\/h3>\n<ul>\n<li>\n<p>Elle permet de lutter contre les trafics d\u2019animaux.<\/p>\n<\/li>\n<li>\n<p>Elle est obligatoire dans certaines situations : pension, camping, voyages \u00e0 l\u2019\u00e9tranger.<\/p>\n<\/li>\n<li>\n<p>Elle assure que votre compagnon puisse toujours \u00eatre rattach\u00e9 \u00e0 vous.<\/p>\n<\/li>\n<\/ul>\n<h3 style=\"text-align: center;\">Au refuge<\/h3>\n<p>La majorit\u00e9 de nos animaux sont identifi\u00e9s par puce \u00e9lectronique. Lors d\u2019une adoption, notre secr\u00e9tariat effectue le transfert de propri\u00e9taire aupr\u00e8s de l\u2019ICAD avec vos coordonn\u00e9es. Ensuite, il vous appartient de signaler tout changement d\u2019adresse.<\/p>\n<p>\u00a0<\/p>\n<p>Cela permet aussi de lutter contre les trafics d\u2019animaux. Rappelons que l\u2019identification peut vous \u00eatre demand\u00e9e si vous mettez votre chien ou chat en pension, si vous souhaitez s\u00e9journer en campings etc\u2026 ou bien si vous voyagez avec votre animal en dehors des fronti\u00e8res fran\u00e7aises.<\/p>\n<p>\u00a0<\/p>\n<p>Les animaux du refuge sont identifi\u00e9s par puce \u00e9lectronique pour la grande majorit\u00e9 et lorsque vous adoptez un de nos petits prot\u00e9g\u00e9s, c\u2019est notre secr\u00e9tariat qui se charge de faire le transfert de propri\u00e9taire aupr\u00e8s de l\u2019ICAD gr\u00e2ce aux coordonn\u00e9es que vous nous donnez lors de l\u2019adoption. A vous par la suite de signaler tout d\u00e9m\u00e9nagement.<\/p>\n<h2>Les limites de la puce \u00e9lectronique<br \/>\n<\/h2>\n<p>Contrairement au tatouage visible, la puce est implant\u00e9e sous la peau et reste invisible. Beaucoup ignorent son existence et pensent qu\u2019un animal non tatou\u00e9 n\u2019a pas de propri\u00e9taire. En r\u00e9alit\u00e9, seul le v\u00e9t\u00e9rinaire, gr\u00e2ce \u00e0 un lecteur, peut confirmer la pr\u00e9sence d\u2019une puce et identifier la famille de l\u2019animal.<\/p>\n<p>\u00a0<\/p>\n<p style=\"text-align: center;\">Que faire si vous trouvez un chien ou un chat ?<\/p>\n<p>\u00a0<\/p>\n<p>Rendez-vous chez un v\u00e9t\u00e9rinaire : la lecture de la puce est rapide et g\u00e9n\u00e9ralement gratuite.\u00a0Si l\u2019animal est identifi\u00e9, son propri\u00e9taire sera contact\u00e9 et il pourra rentrer chez lui.\u00a0Un geste simple qui \u00e9vite les erreurs et permet de r\u00e9unir les compagnons avec leurs familles.<\/p>\n<p>\t\t\t\t\t\t\t\t\t\t\t\t\t\t\t<img loading=\"lazy\" decoding=\"async\" width=\"1024\" height=\"682\" src=\"https:\/\/adopter.graindepixel.fr\/version\/wp-content\/uploads\/2025\/11\/erfuge-angoumois-25-10-25-grain-de-pixel-467-1024x682.jpg\" alt=\"identification d&#039;un animal - refuge de l&#039;Angoumois - SPA de Mornac - Charente - cr\u00e9dit photo \/ Franck SIMON - graindepixel.fr\" srcset=\"https:\/\/adopter.graindepixel.fr\/version\/wp-content\/uploads\/2025\/11\/erfuge-angoumois-25-10-25-grain-de-pixel-467-1024x682.jpg 1024w, https:\/\/adopter.graindepixel.fr\/version\/wp-content\/uploads\/2025\/11\/erfuge-angoumois-25-10-25-grain-de-pixel-467-300x200.jpg 300w, https:\/\/adopter.graindepixel.fr\/version\/wp-content\/uploads\/2025\/11\/erfuge-angoumois-25-10-25-grain-de-pixel-467-768x511.jpg 768w, https:\/\/adopter.graindepixel.fr\/version\/wp-content\/uploads\/2025\/11\/erfuge-angoumois-25-10-25-grain-de-pixel-467-1536x1022.jpg 1536w, https:\/\/adopter.graindepixel.fr\/version\/wp-content\/uploads\/2025\/11\/erfuge-angoumois-25-10-25-grain-de-pixel-467.jpg 2048w\" sizes=\"auto, (max-width: 1024px) 100vw, 1024px\" \/><\/p>\n","protected":false},"excerpt":{"rendered":"<p>L&rsquo;identification d&rsquo;un animal Refuge de l&rsquo;Angoumois &#8211; SPA de Mornac Qu\u2019est-ce que l\u2019identification ? Un acte v\u00e9t\u00e9rinaire L\u2019identification est obligatoire et constitue la v\u00e9ritable carte d\u2019identit\u00e9 de votre chien ou chat. Elle associe un num\u00e9ro unique aux caract\u00e9ristiques de l\u2019animal et aux coordonn\u00e9es de son ma\u00eetre. \u00a0 Autrefois r\u00e9alis\u00e9e par tatouage, elle se fait aujourd\u2019hui [&hellip;]<\/p>\n","protected":false},"author":1,"featured_media":1744,"parent":0,"menu_order":0,"comment_status":"closed","ping_status":"closed","template":"","meta":{"_acf_changed":false,"footnotes":""},"class_list":["post-1743","page","type-page","status-publish","has-post-thumbnail","hentry"],"acf":[],"_links":{"self":[{"href":"https:\/\/adopter.graindepixel.fr\/version\/wp-json\/wp\/v2\/pages\/1743","targetHints":{"allow":["GET"]}}],"collection":[{"href":"https:\/\/adopter.graindepixel.fr\/version\/wp-json\/wp\/v2\/pages"}],"about":[{"href":"https:\/\/adopter.graindepixel.fr\/version\/wp-json\/wp\/v2\/types\/page"}],"author":[{"embeddable":true,"href":"https:\/\/adopter.graindepixel.fr\/version\/wp-json\/wp\/v2\/users\/1"}],"replies":[{"embeddable":true,"href":"https:\/\/adopter.graindepixel.fr\/version\/wp-json\/wp\/v2\/comments?post=1743"}],"version-history":[{"count":0,"href":"https:\/\/adopter.graindepixel.fr\/version\/wp-json\/wp\/v2\/pages\/1743\/revisions"}],"wp:featuredmedia":[{"embeddable":true,"href":"https:\/\/adopter.graindepixel.fr\/version\/wp-json\/wp\/v2\/media\/1744"}],"wp:attachment":[{"href":"https:\/\/adopter.graindepixel.fr\/version\/wp-json\/wp\/v2\/media?parent=1743"}],"curies":[{"name":"wp","href":"https:\/\/api.w.org\/{rel}","templated":true}]}}