{"id":1763,"date":"2023-11-27T15:25:41","date_gmt":"2023-11-27T14:25:41","guid":{"rendered":"https:\/\/refuge.graindepixel.fr\/wordpress\/?page_id=1763"},"modified":"2026-02-28T17:19:07","modified_gmt":"2026-02-28T16:19:07","slug":"accueillir-un-chat-spa-mornac","status":"publish","type":"page","link":"https:\/\/adopter.graindepixel.fr\/version\/accueillir-un-chat-spa-mornac\/","title":{"rendered":"Accueillir un chat"},"content":{"rendered":"<h1>L\u2019accueil du chat<br \/>\n<\/h1>\n<h2>Adopter et accueillir un chat<br \/>\n<\/h2>\n<h2>Accueillir un chat \u00e0 la maison<br \/>\n<\/h2>\n<p>L\u2019adoption d\u2019un chat, comme tout autre animal, se r\u00e9fl\u00e9chit longuement avant de franchir le pas. Si vous \u00eates pr\u00eat \u00e0 vous occuper d\u2019un animal sur une quinzaine d\u2019ann\u00e9es, \u00e0 l\u2019aimer et le garder quels que soient les changements dans votre vie, alors n\u2019h\u00e9sitez pas, un compagnon vous attend au refuge.<\/p>\n<h2>Alors chaton ou chat adulte ?<\/h2>\n<h3>M\u00e2le ou femelle ?<\/h3>\n<p>Le chaton est un b\u00e9b\u00e9 en cours d\u2019apprentissage. Il vous faudra \u00eatre patient, l\u2019\u00e9duquer \u00e0 ce qui est ou non autoris\u00e9, lui apprendre la propret\u00e9, \u00e0 ne pas griffer et respecter les r\u00e8gles de votre foyer. Ce sont g\u00e9n\u00e9ralement de petites boules d\u2019\u00e9nergie, assez d\u00e9pendantes de vous. L\u2019id\u00e9al est de les adopter \u00e0 deux.<\/p>\n<p>\u00a0<\/p>\n<p>Le chat plus \u00e2g\u00e9 sera plus calme et son caract\u00e8re d\u00e9j\u00e0 d\u00e9termin\u00e9. Il conviendra mieux \u00e0 un foyer avec de jeunes enfants car en principe plus patient et responsable. Ce n\u2019est pas pour autant qu\u2019il ne saura pas faire de grandes parties de jeux avec une plume ou une ficelle.<\/p>\n<p>\u00a0<\/p>\n<p>N\u2019oubliez pas les seniors qui sont g\u00e9n\u00e9ralement oubli\u00e9s alors qu\u2019ils ont tout autant besoin d\u2019amour. Ils font d\u2019excellents compagnons de vie pour un foyer qui aura besoin de tranquillit\u00e9.<\/p>\n<p>\u00a0<\/p>\n<p>Contrairement aux id\u00e9es re\u00e7ues, les femelles ne sont pas plus c\u00e2lines que les m\u00e2les. Chaque animal est diff\u00e9rent. Nous serons l\u00e0 pour vous conseiller le meilleur compagnon selon vos crit\u00e8res et votre mode de vie (que vous soyez en appartement ou en maison, avec des enfants ou non, \u2026).<\/p>\n<p>\t\t\t\t\t\t\t\t\t\t\t\t\t\t\t<img loading=\"lazy\" decoding=\"async\" width=\"1024\" height=\"682\" src=\"https:\/\/adopter.graindepixel.fr\/version\/wp-content\/uploads\/2025\/12\/erfuge-angoumois-25-10-25-grain-de-pixel-400-1024x682.jpg\" alt=\"accueillir un chat \u00e0 la maison -refuge de l&#039;Angoumois - SPA de Mornac - Charente - cr\u00e9dit photo Franck Simon - photographe canin \u00e0 Angoul\u00eame\" srcset=\"https:\/\/adopter.graindepixel.fr\/version\/wp-content\/uploads\/2025\/12\/erfuge-angoumois-25-10-25-grain-de-pixel-400-1024x682.jpg 1024w, https:\/\/adopter.graindepixel.fr\/version\/wp-content\/uploads\/2025\/12\/erfuge-angoumois-25-10-25-grain-de-pixel-400-300x200.jpg 300w, https:\/\/adopter.graindepixel.fr\/version\/wp-content\/uploads\/2025\/12\/erfuge-angoumois-25-10-25-grain-de-pixel-400-768x511.jpg 768w, https:\/\/adopter.graindepixel.fr\/version\/wp-content\/uploads\/2025\/12\/erfuge-angoumois-25-10-25-grain-de-pixel-400-1536x1022.jpg 1536w, https:\/\/adopter.graindepixel.fr\/version\/wp-content\/uploads\/2025\/12\/erfuge-angoumois-25-10-25-grain-de-pixel-400.jpg 2048w\" sizes=\"auto, (max-width: 1024px) 100vw, 1024px\" \/><br \/>\n\t\t\t\t\t\t\t\t\t\t\t\t\t\t\t<img loading=\"lazy\" decoding=\"async\" width=\"1024\" height=\"682\" src=\"https:\/\/adopter.graindepixel.fr\/version\/wp-content\/uploads\/2025\/12\/erfuge-angoumois-25-10-25-grain-de-pixel-403-1024x682.jpg\" alt=\"accueillir un chat \u00e0 la maison -refuge de l&#039;Angoumois - SPA de Mornac - Charente - cr\u00e9dit photo Franck Simon - photographe canin \u00e0 Angoul\u00eame\" srcset=\"https:\/\/adopter.graindepixel.fr\/version\/wp-content\/uploads\/2025\/12\/erfuge-angoumois-25-10-25-grain-de-pixel-403-1024x682.jpg 1024w, https:\/\/adopter.graindepixel.fr\/version\/wp-content\/uploads\/2025\/12\/erfuge-angoumois-25-10-25-grain-de-pixel-403-300x200.jpg 300w, https:\/\/adopter.graindepixel.fr\/version\/wp-content\/uploads\/2025\/12\/erfuge-angoumois-25-10-25-grain-de-pixel-403-768x511.jpg 768w, https:\/\/adopter.graindepixel.fr\/version\/wp-content\/uploads\/2025\/12\/erfuge-angoumois-25-10-25-grain-de-pixel-403-1536x1022.jpg 1536w, https:\/\/adopter.graindepixel.fr\/version\/wp-content\/uploads\/2025\/12\/erfuge-angoumois-25-10-25-grain-de-pixel-403.jpg 2048w\" sizes=\"auto, (max-width: 1024px) 100vw, 1024px\" \/><br \/>\n\t\t\t\t\t\t\t\t\t\t\t\t\t\t\t<img loading=\"lazy\" decoding=\"async\" width=\"1024\" height=\"682\" src=\"https:\/\/adopter.graindepixel.fr\/version\/wp-content\/uploads\/2025\/12\/erfuge-angoumois-25-10-25-grain-de-pixel-415-1024x682.jpg\" alt=\"accueillir un chat \u00e0 la maison - refuge de l&#039;Angoumois - SPA de Mornac - Charente - cr\u00e9dit photo Franck Simon - photographe canin \u00e0 Angoul\u00eame\" srcset=\"https:\/\/adopter.graindepixel.fr\/version\/wp-content\/uploads\/2025\/12\/erfuge-angoumois-25-10-25-grain-de-pixel-415-1024x682.jpg 1024w, https:\/\/adopter.graindepixel.fr\/version\/wp-content\/uploads\/2025\/12\/erfuge-angoumois-25-10-25-grain-de-pixel-415-300x200.jpg 300w, https:\/\/adopter.graindepixel.fr\/version\/wp-content\/uploads\/2025\/12\/erfuge-angoumois-25-10-25-grain-de-pixel-415-768x511.jpg 768w, https:\/\/adopter.graindepixel.fr\/version\/wp-content\/uploads\/2025\/12\/erfuge-angoumois-25-10-25-grain-de-pixel-415-1536x1022.jpg 1536w, https:\/\/adopter.graindepixel.fr\/version\/wp-content\/uploads\/2025\/12\/erfuge-angoumois-25-10-25-grain-de-pixel-415.jpg 2048w\" sizes=\"auto, (max-width: 1024px) 100vw, 1024px\" \/><br \/>\n\t\t\t\t\t\t\t\t\t\t\t\t\t\t\t<img loading=\"lazy\" decoding=\"async\" width=\"1024\" height=\"682\" src=\"https:\/\/adopter.graindepixel.fr\/version\/wp-content\/uploads\/2025\/12\/erfuge-angoumois-25-10-25-grain-de-pixel-425-1024x682.jpg\" alt=\"accueillir un chat \u00e0 la maison -refuge de l&#039;Angoumois - SPA de Mornac - Charente - cr\u00e9dit photo Franck Simon - photographe canin \u00e0 Angoul\u00eame\" srcset=\"https:\/\/adopter.graindepixel.fr\/version\/wp-content\/uploads\/2025\/12\/erfuge-angoumois-25-10-25-grain-de-pixel-425-1024x682.jpg 1024w, https:\/\/adopter.graindepixel.fr\/version\/wp-content\/uploads\/2025\/12\/erfuge-angoumois-25-10-25-grain-de-pixel-425-300x200.jpg 300w, https:\/\/adopter.graindepixel.fr\/version\/wp-content\/uploads\/2025\/12\/erfuge-angoumois-25-10-25-grain-de-pixel-425-768x511.jpg 768w, https:\/\/adopter.graindepixel.fr\/version\/wp-content\/uploads\/2025\/12\/erfuge-angoumois-25-10-25-grain-de-pixel-425-1536x1022.jpg 1536w, https:\/\/adopter.graindepixel.fr\/version\/wp-content\/uploads\/2025\/12\/erfuge-angoumois-25-10-25-grain-de-pixel-425.jpg 2048w\" sizes=\"auto, (max-width: 1024px) 100vw, 1024px\" \/>\t\t\t\t\t\t\t\t\t\t\t\t\t\t\t<\/p>\n<details id=\"e-n-accordion-item-9420\" open>\n<summary data-accordion-index=\"1\" tabindex=\"0\" aria-expanded=\"true\" aria-controls=\"e-n-accordion-item-9420\" >\n\t\t\t\t\t La \u00ab quarantaine \u00bb<br \/>\n\t\t\t\t\t\t<\/summary>\n<h3 style=\"text-align: center;\">Pr\u00e9parez une pi\u00e8ce isol\u00e9e avec<\/h3>\n<ul>\n<li>Bac \u00e0 liti\u00e8re (nettoy\u00e9 chaque jour),<\/li>\n<li>Gamelles \u00e9loign\u00e9es de la liti\u00e8re,<\/li>\n<li>Griffoir ou arbre \u00e0 chat,<\/li>\n<li>Cachettes (cartons, couvertures, \u00e9tag\u00e8res),<\/li>\n<li>Quelques jouets.<\/li>\n<\/ul>\n<h3 style=\"text-align: center;\">\u00c0 son arriv\u00e9e<\/h3>\n<ul>\n<li>Laissez la caisse de transport ouverte et laissez-le explorer \u00e0 son rythme.<\/li>\n<li>Rendez-lui visite plusieurs fois par jour pour parler doucement, jouer ou le brosser, id\u00e9alement par une seule personne.<\/li>\n<\/ul>\n<h3 style=\"text-align: center;\">Le Chaton<\/h3>\n<ul>\n<li>Profitez de cette p\u00e9riode pour lui apprendre calmement l\u2019usage du bac et du griffoir, en le f\u00e9licitant.<\/li>\n<\/ul>\n<h3 style=\"text-align: center;\">Le chat craintif<\/h3>\n<ul>\n<li>Avancez lentement : asseyez-vous sans le fixer, clignez des yeux, proposez une friandise, imitez ses miaulements, caressez progressivement (cuisses \u2192 dos \u2192 t\u00eate).<\/li>\n<li>Ne jamais crier ni forcer. Si grogne ou griffure, partez et reprenez plus tard.<\/li>\n<\/ul>\n<h3 style=\"text-align: center;\">Isolement<\/h3>\n<ul>\n<li>Minimum une semaine, plus si n\u00e9cessaire (stress ou soins).<\/li>\n<li>Cette \u00e9tape permet l\u2019adaptation et de surveiller d\u2019\u00e9ventuels probl\u00e8mes de sant\u00e9 li\u00e9s au changement.<\/li>\n<\/ul>\n<\/details>\n<details id=\"e-n-accordion-item-9421\" >\n<summary data-accordion-index=\"2\" tabindex=\"-1\" aria-expanded=\"false\" aria-controls=\"e-n-accordion-item-9421\" >\n\t\t\t\t\t A la d\u00e9couverte du foyer<br \/>\n\t\t\t\t\t\t<\/summary>\n<p>Une fois la \u00ab quarantaine \u00bb finie, laissez la porte ouverte pour que l\u2019animal parte \u00e0 l\u2019aventure dans son nouveau foyer. Certains se sentiront tr\u00e8s vite chez eux et vous devrez leur apprendre ce qui est ou non autoris\u00e9 (un NON sec en le descendant d\u2019un meuble plusieurs fois si besoin suffit \u00e0 ce qu\u2019il comprenne, pas besoin de lui crier dessus ou de lui mettre une tape). D\u2019autres seront beaucoup plus craintifs et n\u2019oseront pas venir vous voir tout de suite. Cela peut prendre plusieurs mois parfois.<\/p>\n<p>\u00a0<\/p>\n<p>Dans ce cas, laissez-leur la possibilit\u00e9 de se r\u00e9fugier dans leur pi\u00e8ce et de ressortir \u00e0 leur guise. Ils profiteront g\u00e9n\u00e9ralement de la nuit pour se familiariser avec les lieux. Une fois les marques prises, vous pourrez d\u00e9placer le bac \u00e0 liti\u00e8re et toutes les affaires du chat \u00e0 un endroit d\u00e9finitif. et \u00e0 ce qu\u2019il comprenne, pas besoin de lui crier dessus ou de lui mettre une tape).<\/p>\n<\/details>\n<details id=\"e-n-accordion-item-9422\" >\n<summary data-accordion-index=\"3\" tabindex=\"-1\" aria-expanded=\"false\" aria-controls=\"e-n-accordion-item-9422\" >\n\t\t\t\t\t Les sorties \u00e0 l\u2019ext\u00e9rieur<br \/>\n\t\t\t\t\t\t<\/summary>\n<p>Si vous avez d\u00e9cid\u00e9 d\u2019adopter un chaton, nous vous conseillons de ne pas le laisser sortir avant sa st\u00e9rilisation \u00e0 six mois. Un b\u00e9b\u00e9 n\u2019a pas conscience du danger et risquerait de s\u2019\u00e9loigner sans retrouver le chemin du retour et vous \u00e9vitera de vous retrouver avec une mauvaise surprise si votre minette a des chaleurs pr\u00e9coces.<\/p>\n<p>Si vous avez adopt\u00e9 un chat adulte, il faut qu\u2019il ait pris ses marques chez vous avant de pouvoir sortir. Nous conseillons un minimum de deux semaines, voire beaucoup plus long si votre compagnon est craintif. Ainsi, si quelque chose lui fait peur dehors, il saura revenir se mettre \u00e0 l\u2019abri dans votre maison qu\u2019il consid\u00e9rera comme un refuge.<\/p>\n<p>Attention aux fen\u00eatres oscillo-battantes qui sont de vrais pi\u00e8ges mortels. S\u2019ils ne prennent pas assez d\u2019\u00e9lan, vont se retrouver coinc\u00e9s dans le triangle de la fen\u00eatre. Ne pouvant s\u2019extraire par eux-m\u00eames et se d\u00e9battant pour s\u2019\u00e9chapper, ils vont glisser de plus en plus dans le bas de la fen\u00eatre causant des risques d\u2019asphyxie ou des dommages graves (paralysies).<\/p>\n<p>Il est pr\u00e9f\u00e9rable\u00a0 d\u2019\u00e9viter les colliers car nos compagnons f\u00e9lins sont de bons chasseurs et grimpent aux arbres et cl\u00f4tures. Celui-ci peut donc se coincer quelque part et entra\u00eener la mort de l\u2019animal par asphyxie. Les colliers \u00e9lastiques n\u2019emp\u00eachent pas l\u2019animal de se coincer une patte \u00e0 l\u2019int\u00e9rieur en essayant de se d\u00e9battre.<\/p>\n<p>\u00a0<\/p>\n<p>Rappelons \u00e9galement que l\u2019ou\u00efe d\u2019un chat est extr\u00eamement d\u00e9velopp\u00e9e, donc les clochettes sont \u00e0 proscrire.<\/p>\n<\/details>\n<h3 style=\"text-align: center;\">Pr\u00e9parez une pi\u00e8ce isol\u00e9e avec<\/h3>\n<ul>\n<li>Bac \u00e0 liti\u00e8re (nettoy\u00e9 chaque jour),<\/li>\n<li>Gamelles \u00e9loign\u00e9es de la liti\u00e8re,<\/li>\n<li>Griffoir ou arbre \u00e0 chat,<\/li>\n<li>Cachettes (cartons, couvertures, \u00e9tag\u00e8res),<\/li>\n<li>Quelques jouets.<\/li>\n<\/ul>\n<h3 style=\"text-align: center;\">\u00c0 son arriv\u00e9e<\/h3>\n<ul>\n<li>Laissez la caisse de transport ouverte et laissez-le explorer \u00e0 son rythme.<\/li>\n<li>Rendez-lui visite plusieurs fois par jour pour parler doucement, jouer ou le brosser, id\u00e9alement par une seule personne.<\/li>\n<\/ul>\n<h3 style=\"text-align: center;\">Le Chaton<\/h3>\n<ul>\n<li>Profitez de cette p\u00e9riode pour lui apprendre calmement l\u2019usage du bac et du griffoir, en le f\u00e9licitant.<\/li>\n<\/ul>\n<h3 style=\"text-align: center;\">Le chat craintif<\/h3>\n<ul>\n<li>Avancez lentement : asseyez-vous sans le fixer, clignez des yeux, proposez une friandise, imitez ses miaulements, caressez progressivement (cuisses \u2192 dos \u2192 t\u00eate).<\/li>\n<li>Ne jamais crier ni forcer. Si grogne ou griffure, partez et reprenez plus tard.<\/li>\n<\/ul>\n<h3 style=\"text-align: center;\">Isolement<\/h3>\n<ul>\n<li>Minimum une semaine, plus si n\u00e9cessaire (stress ou soins).<\/li>\n<li>Cette \u00e9tape permet l\u2019adaptation et de surveiller d\u2019\u00e9ventuels probl\u00e8mes de sant\u00e9 li\u00e9s au changement.<\/li>\n<\/ul>\n<p>Une fois la \u00ab quarantaine \u00bb finie, laissez la porte ouverte pour que l\u2019animal parte \u00e0 l\u2019aventure dans son nouveau foyer. Certains se sentiront tr\u00e8s vite chez eux et vous devrez leur apprendre ce qui est ou non autoris\u00e9 (un NON sec en le descendant d\u2019un meuble plusieurs fois si besoin suffit \u00e0 ce qu\u2019il comprenne, pas besoin de lui crier dessus ou de lui mettre une tape). D\u2019autres seront beaucoup plus craintifs et n\u2019oseront pas venir vous voir tout de suite. Cela peut prendre plusieurs mois parfois.<\/p>\n<p>\u00a0<\/p>\n<p>Dans ce cas, laissez-leur la possibilit\u00e9 de se r\u00e9fugier dans leur pi\u00e8ce et de ressortir \u00e0 leur guise. Ils profiteront g\u00e9n\u00e9ralement de la nuit pour se familiariser avec les lieux. Une fois les marques prises, vous pourrez d\u00e9placer le bac \u00e0 liti\u00e8re et toutes les affaires du chat \u00e0 un endroit d\u00e9finitif. et \u00e0 ce qu\u2019il comprenne, pas besoin de lui crier dessus ou de lui mettre une tape).<\/p>\n<p>Si vous avez d\u00e9cid\u00e9 d\u2019adopter un chaton, nous vous conseillons de ne pas le laisser sortir avant sa st\u00e9rilisation \u00e0 six mois. Un b\u00e9b\u00e9 n\u2019a pas conscience du danger et risquerait de s\u2019\u00e9loigner sans retrouver le chemin du retour et vous \u00e9vitera de vous retrouver avec une mauvaise surprise si votre minette a des chaleurs pr\u00e9coces.<\/p>\n<p>Si vous avez adopt\u00e9 un chat adulte, il faut qu\u2019il ait pris ses marques chez vous avant de pouvoir sortir. Nous conseillons un minimum de deux semaines, voire beaucoup plus long si votre compagnon est craintif. Ainsi, si quelque chose lui fait peur dehors, il saura revenir se mettre \u00e0 l\u2019abri dans votre maison qu\u2019il consid\u00e9rera comme un refuge.<\/p>\n<p>Attention aux fen\u00eatres oscillo-battantes qui sont de vrais pi\u00e8ges mortels. S\u2019ils ne prennent pas assez d\u2019\u00e9lan, vont se retrouver coinc\u00e9s dans le triangle de la fen\u00eatre. Ne pouvant s\u2019extraire par eux-m\u00eames et se d\u00e9battant pour s\u2019\u00e9chapper, ils vont glisser de plus en plus dans le bas de la fen\u00eatre causant des risques d\u2019asphyxie ou des dommages graves (paralysies).<\/p>\n<p>Il est pr\u00e9f\u00e9rable\u00a0 d\u2019\u00e9viter les colliers car nos compagnons f\u00e9lins sont de bons chasseurs et grimpent aux arbres et cl\u00f4tures. Celui-ci peut donc se coincer quelque part et entra\u00eener la mort de l\u2019animal par asphyxie. Les colliers \u00e9lastiques n\u2019emp\u00eachent pas l\u2019animal de se coincer une patte \u00e0 l\u2019int\u00e9rieur en essayant de se d\u00e9battre.<\/p>\n<p>\u00a0<\/p>\n<p>Rappelons \u00e9galement que l\u2019ou\u00efe d\u2019un chat est extr\u00eamement d\u00e9velopp\u00e9e, donc les clochettes sont \u00e0 proscrire.<\/p>\n<p>\t\t\t\t\t\t\t\t\t\t\t\t\t\t\t<img loading=\"lazy\" decoding=\"async\" width=\"1024\" height=\"682\" src=\"https:\/\/adopter.graindepixel.fr\/version\/wp-content\/uploads\/2025\/12\/refuge-angoumois-13-10-23-graindepixel-709-1024x682.jpg\" alt=\"accueillir un chat \u00e0 la maison - refuge de l&#039;Angoumois - SPA de Mornac - Charente - cr\u00e9dit photo Franck Simon - photographe canin \u00e0 Angoul\u00eame\" srcset=\"https:\/\/adopter.graindepixel.fr\/version\/wp-content\/uploads\/2025\/12\/refuge-angoumois-13-10-23-graindepixel-709-1024x682.jpg 1024w, https:\/\/adopter.graindepixel.fr\/version\/wp-content\/uploads\/2025\/12\/refuge-angoumois-13-10-23-graindepixel-709-300x200.jpg 300w, https:\/\/adopter.graindepixel.fr\/version\/wp-content\/uploads\/2025\/12\/refuge-angoumois-13-10-23-graindepixel-709-768x511.jpg 768w, https:\/\/adopter.graindepixel.fr\/version\/wp-content\/uploads\/2025\/12\/refuge-angoumois-13-10-23-graindepixel-709-1536x1022.jpg 1536w, https:\/\/adopter.graindepixel.fr\/version\/wp-content\/uploads\/2025\/12\/refuge-angoumois-13-10-23-graindepixel-709.jpg 2048w\" sizes=\"auto, (max-width: 1024px) 100vw, 1024px\" \/>\t\t\t\t\t\t\t\t\t\t\t\t\t\t\t<\/p>\n<h3 style=\"text-align: center;\">La cohabitation avec d\u2019autres animaux<\/h3>\n<p>En g\u00e9n\u00e9ral, il est pr\u00e9f\u00e9rable de laisser les animaux se d\u00e9brouiller tout seul. Il est possible qu\u2019il y ait quelques feulements au d\u00e9part, mais ils finissent toujours par se tol\u00e9rer quelque temps apr\u00e8s. Ne jamais forcer la rencontre ! Si l\u2019un des deux est particuli\u00e8rement difficile ou a tendance \u00e0 \u00eatre possessif, il vaut mieux proc\u00e9der par \u00e9tapes ; laisser un linge qui a l\u2019odeur de l\u2019animal A dans la pi\u00e8ce de l\u2019animal B et inversement, puis les laisser se sentir \u00e0 travers une grille ou sous une porte et petit \u00e0 petit les choses se feront naturellement.<\/p>\n<p>\u00a0<\/p>\n<h3 style=\"text-align: center;\">La cohabitation avec les enfants<\/h3>\n<p>Les animaux s\u2019habituent tr\u00e8s vite aux enfants mais il faut apprendre \u00e0 ces derniers \u00e0 ne pas les manipuler brusquement (les porter si l\u2019animal ne le veut pas, les prendre par la queue\u2026) ou les forcer \u00e0 faire quelque chose dont ils n\u2019ont pas envie. Ainsi dans le respect mutuel, une jolie histoire d\u2019amour na\u00eetra entre eux.<\/p>\n<p>\u00a0<\/p>\n<p>En r\u00e9sum\u00e9, les chats ont une capacit\u00e9 d\u2019adaptation extraordinaire mais il leur faut un peu de temps pour prendre leurs marques dans un nouvel environnement. Soyez patient et vous serez r\u00e9compens\u00e9 bien plus que vous ne l\u2019imaginez.<\/p>\n","protected":false},"excerpt":{"rendered":"<p>L\u2019accueil du chat Adopter et accueillir un chat Accueillir un chat \u00e0 la maison L\u2019adoption d\u2019un chat, comme tout autre animal, se r\u00e9fl\u00e9chit longuement avant de franchir le pas. Si vous \u00eates pr\u00eat \u00e0 vous occuper d\u2019un animal sur une quinzaine d\u2019ann\u00e9es, \u00e0 l\u2019aimer et le garder quels que soient les changements dans votre vie, [&hellip;]<\/p>\n","protected":false},"author":1,"featured_media":8214,"parent":0,"menu_order":0,"comment_status":"closed","ping_status":"closed","template":"","meta":{"_acf_changed":false,"footnotes":""},"class_list":["post-1763","page","type-page","status-publish","has-post-thumbnail","hentry"],"acf":[],"_links":{"self":[{"href":"https:\/\/adopter.graindepixel.fr\/version\/wp-json\/wp\/v2\/pages\/1763","targetHints":{"allow":["GET"]}}],"collection":[{"href":"https:\/\/adopter.graindepixel.fr\/version\/wp-json\/wp\/v2\/pages"}],"about":[{"href":"https:\/\/adopter.graindepixel.fr\/version\/wp-json\/wp\/v2\/types\/page"}],"author":[{"embeddable":true,"href":"https:\/\/adopter.graindepixel.fr\/version\/wp-json\/wp\/v2\/users\/1"}],"replies":[{"embeddable":true,"href":"https:\/\/adopter.graindepixel.fr\/version\/wp-json\/wp\/v2\/comments?post=1763"}],"version-history":[{"count":0,"href":"https:\/\/adopter.graindepixel.fr\/version\/wp-json\/wp\/v2\/pages\/1763\/revisions"}],"wp:featuredmedia":[{"embeddable":true,"href":"https:\/\/adopter.graindepixel.fr\/version\/wp-json\/wp\/v2\/media\/8214"}],"wp:attachment":[{"href":"https:\/\/adopter.graindepixel.fr\/version\/wp-json\/wp\/v2\/media?parent=1763"}],"curies":[{"name":"wp","href":"https:\/\/api.w.org\/{rel}","templated":true}]}}