{"id":2484,"date":"2023-12-09T17:10:59","date_gmt":"2023-12-09T16:10:59","guid":{"rendered":"https:\/\/refuge.graindepixel.fr\/wordpress\/?page_id=2484"},"modified":"2026-03-12T10:58:17","modified_gmt":"2026-03-12T09:58:17","slug":"questionnaire-famille-accueil","status":"publish","type":"page","link":"https:\/\/adopter.graindepixel.fr\/version\/questionnaire-famille-accueil\/","title":{"rendered":"Questionnaire Famille d&rsquo;Accueil"},"content":{"rendered":"<h1>Devenir famille d&rsquo;accueil<\/h1>\n<h2>D\u00e9posez votre candidature<\/h2>\n<p>\t\t\t\t\t\t\t\t\t\t\t\t\t\t\t<img loading=\"lazy\" decoding=\"async\" width=\"1024\" height=\"682\" src=\"https:\/\/adopter.graindepixel.fr\/version\/wp-content\/uploads\/2024\/01\/refuge-angoumois-13-10-23-graindepixel-455-1024x682.jpg\" alt=\"b\u00e9n\u00e9vole au refuge de l&#039;angoumois\" srcset=\"https:\/\/collectif.graindepixel.fr\/element\/wp-content\/uploads\/2024\/01\/refuge-angoumois-13-10-23-graindepixel-455-1024x682.jpg 1024w, https:\/\/collectif.graindepixel.fr\/element\/wp-content\/uploads\/2024\/01\/refuge-angoumois-13-10-23-graindepixel-455-300x200.jpg 300w, https:\/\/collectif.graindepixel.fr\/element\/wp-content\/uploads\/2024\/01\/refuge-angoumois-13-10-23-graindepixel-455-768x511.jpg 768w, https:\/\/collectif.graindepixel.fr\/element\/wp-content\/uploads\/2024\/01\/refuge-angoumois-13-10-23-graindepixel-455-1536x1022.jpg 1536w, https:\/\/collectif.graindepixel.fr\/element\/wp-content\/uploads\/2024\/01\/refuge-angoumois-13-10-23-graindepixel-455.jpg 2048w\" sizes=\"auto, (max-width: 1024px) 100vw, 1024px\" \/>\t\t\t\t\t\t\t\t\t\t\t\t\t\t\t<\/p>\n<h2>Devenir famille d\u2019accueil pour chiens et chats<\/h2>\n<h3>Un questionnaire pour mieux vous connaitre<\/h3>\n<p>Pour mieux comprendre vos motivations, la capacit\u00e9 d\u2019accueil de votre foyer, et sa composition, nous avons besoin de vous connaitre. Ce questionnaire permet aux \u00e9quipes du refuge de l\u2019Angoumois d\u2019avoir une premi\u00e8re information avant de vous contacter. De cette mani\u00e8re nous serons aussi en mesure de pouvoir vous proposer des animaux \u00e0 accueillir et qui correspondront \u00e0 votre famille. Etre famille d\u2019accueil est une d\u00e9marche importante et qui peut grandement aider le refuge.<\/p>\n<p>\u00a0<\/p>\n<p>Vous souhaitez devenir famille d\u2019accueil pour le refuge de l\u2019Angoumois. Nous sommes ravi d\u2019avoir des propositions de votre part \u00e0 tous pour nos animaux. Chaque candidature sera \u00e9tudi\u00e9e avec soins et nous prendrons contact avec vous.<\/p>\n","protected":false},"excerpt":{"rendered":"<p>Devenir famille d&rsquo;accueil D\u00e9posez votre candidature Devenir famille d\u2019accueil pour chiens et chats Un questionnaire pour mieux vous connaitre Pour mieux comprendre vos motivations, la capacit\u00e9 d\u2019accueil de votre foyer, et sa composition, nous avons besoin de vous connaitre. Ce questionnaire permet aux \u00e9quipes du refuge de l\u2019Angoumois d\u2019avoir une premi\u00e8re information avant de vous [&hellip;]<\/p>\n","protected":false},"author":1,"featured_media":2485,"parent":0,"menu_order":0,"comment_status":"closed","ping_status":"closed","template":"","meta":{"_acf_changed":false,"footnotes":""},"class_list":["post-2484","page","type-page","status-publish","has-post-thumbnail","hentry"],"acf":[],"_links":{"self":[{"href":"https:\/\/adopter.graindepixel.fr\/version\/wp-json\/wp\/v2\/pages\/2484","targetHints":{"allow":["GET"]}}],"collection":[{"href":"https:\/\/adopter.graindepixel.fr\/version\/wp-json\/wp\/v2\/pages"}],"about":[{"href":"https:\/\/adopter.graindepixel.fr\/version\/wp-json\/wp\/v2\/types\/page"}],"author":[{"embeddable":true,"href":"https:\/\/adopter.graindepixel.fr\/version\/wp-json\/wp\/v2\/users\/1"}],"replies":[{"embeddable":true,"href":"https:\/\/adopter.graindepixel.fr\/version\/wp-json\/wp\/v2\/comments?post=2484"}],"version-history":[{"count":2,"href":"https:\/\/adopter.graindepixel.fr\/version\/wp-json\/wp\/v2\/pages\/2484\/revisions"}],"predecessor-version":[{"id":41647,"href":"https:\/\/adopter.graindepixel.fr\/version\/wp-json\/wp\/v2\/pages\/2484\/revisions\/41647"}],"wp:featuredmedia":[{"embeddable":true,"href":"https:\/\/adopter.graindepixel.fr\/version\/wp-json\/wp\/v2\/media\/2485"}],"wp:attachment":[{"href":"https:\/\/adopter.graindepixel.fr\/version\/wp-json\/wp\/v2\/media?parent=2484"}],"curies":[{"name":"wp","href":"https:\/\/api.w.org\/{rel}","templated":true}]}}