{"id":7575,"date":"2025-11-27T17:42:58","date_gmt":"2025-11-27T16:42:58","guid":{"rendered":"https:\/\/www.adopter.graindepixel.fr\/version\/?page_id=7575"},"modified":"2026-01-20T13:54:55","modified_gmt":"2026-01-20T12:54:55","slug":"agenda","status":"publish","type":"page","link":"https:\/\/adopter.graindepixel.fr\/version\/agenda\/","title":{"rendered":"Agenda"},"content":{"rendered":"<h1>L&rsquo;agenda du refuge <\/h1>\n<h2>Les \u00e9v\u00e8nements au profit du refuge de l&rsquo;Angoumois<\/h2>\n<p>Le refuge de l&rsquo;Angoumois c&rsquo;est avant tout de nombreux \u00e9v\u00e8nements, festivals, ou encore op\u00e9rations et animations r\u00e9alis\u00e9es au profit des animaux du refuge. A l&rsquo;aide de cet agenda il vous est ainsi possible de participer, ou encore venir renforcer les \u00e9quipes ou encore partager vos manifestions au profit de notre refuge. Nous remercions par ailleurs tous les organisateurs qui \u0153uvrent au quotidien pour nos pensionnaires.<\/p>\n<p>\t\t\t\t\t\t\t\t\t\t\t\t\t\t\t<img loading=\"lazy\" decoding=\"async\" width=\"1024\" height=\"682\" src=\"https:\/\/adopter.graindepixel.fr\/version\/wp-content\/uploads\/2025\/12\/sans-titre-323-1024x682.jpg\" alt=\"agenda du refuge de l&#039;angoumois - SPA de Mornac - Charente - photo grain de pixel\" srcset=\"https:\/\/adopter.graindepixel.fr\/version\/wp-content\/uploads\/2025\/12\/sans-titre-323-1024x682.jpg 1024w, https:\/\/adopter.graindepixel.fr\/version\/wp-content\/uploads\/2025\/12\/sans-titre-323-300x200.jpg 300w, https:\/\/adopter.graindepixel.fr\/version\/wp-content\/uploads\/2025\/12\/sans-titre-323-768x511.jpg 768w, https:\/\/adopter.graindepixel.fr\/version\/wp-content\/uploads\/2025\/12\/sans-titre-323-1536x1022.jpg 1536w, https:\/\/adopter.graindepixel.fr\/version\/wp-content\/uploads\/2025\/12\/sans-titre-323.jpg 2048w\" sizes=\"auto, (max-width: 1024px) 100vw, 1024px\" \/><br \/>\n\t\t\t\t\t<a role=\"button\"><br \/>\n\t\t\t\t\t\t\t\t\tAjouter un \u00e9vennement<br \/>\n\t\t\t\t\t<\/a><\/p>\n<form data-id=\"form_692f006c3ba75\" action=\"\/\" method=\"post\" novalidate=\"novalidate\" data-error-message=\"\">\n\t\t\t<input type=\"hidden\" name=\"_acf_screen\" value=\"fea_form\"\/><input type=\"hidden\" name=\"_acf_nonce\" value=\"7e583aca16\"\/><input type=\"hidden\" name=\"_acf_validation\" value=\"1\"\/><input type=\"hidden\" name=\"_acf_changed\" value=\"0\"\/><input type=\"hidden\" name=\"_acf_status\" value=\"\"\/><input type=\"hidden\" name=\"_acf_message\" value=\"\"\/><input type=\"hidden\" name=\"_acf_required_message\" value=\"\"\/><input type=\"hidden\" name=\"_acf_current_url\" value=\"https:\/\/collectif.graindepixel.fr\/element\"\/><input type=\"hidden\" name=\"_acf_taxonomy_type\" value=\"category\"\/><input type=\"hidden\" name=\"_acf_form\" value=\"form_692f006c3ba75\"\/><input type=\"hidden\" name=\"_acf_referer_url\" value=\"https:\/\/collectif.graindepixel.fr\/element\/wp-admin\/post.php?post=7575&amp;action=elementor\"\/><input type=\"hidden\" name=\"_acf_objects\" value=\"cVlGTlZMRGZSZVJuMUZkNWh2YXRNOUtlbWVJWksvMkRNWS8zYzlCWDZScStnamRkTXBlbGluZm9EamdZSmFzbVQ1MnA3YWJCVzBIbEVIM2ZIUWtnNFZjYUg4c2V3ZjRYMXRid2ttSTNQak09OjpEHKkoUijutTIX4\/d5wOqH\"\/><br \/>\n\t\t\t<input type=\"text\" id=\"acff-_validate_email\" name=\"acff[_validate_email]\"\/><label for=\"acff-post-field_69282b039e74a\">Evenement<\/label><input type=\"text\" id=\"acff-post-field_69282b039e74a\" name=\"acff[post][field_69282b039e74a]\"\/><label for=\"acff-post-field_69282bb39e74c\">Visuel<\/label><br \/>\n\t\t\t<input type=\"hidden\" data-name=\"id\" name=\"acff[post][field_69282bb39e74c]\" value=\"\"\/><br \/>\n\t\t\t\t\t<img decoding=\"async\" data-name=\"image\" src=\"https:\/\/adopter.graindepixel.fr\/version\/wp-includes\/images\/media\/default.png\" alt=\"\"\/><br \/>\n\t\t\t<a data-name=\"edit-preview\" href=\"\/\" title=\"Modifier\"><\/a><br \/>\n\t\t\t<a data-name=\"remove\" href=\"\/\" title=\"Retirer\"><\/a><br \/>\n\t\t\t\t\t\t<label><br \/>\n\t\t\t\t<input type=\"file\" name=\"file_input\" id=\"acff-post-field_69282bb39e74c\" accept=\"image\/*\" \/>\t\t\t\t<\/p>\n<p>Aucune image s\u00e9lectionn\u00e9e\t\t\t\t<a data-name=\"add\" href=\"\/\"><br \/>\n\t\t\t\t\tAjouter une image\t\t\t\t\t\t\t\t\t<\/a>\n\t\t\t<\/p>\n<p>\t\t\t<\/label><br \/>\n\t\t\t\t<label for=\"acff-file_data-field_69282bb39e74c-title\">Titre<\/label><input type=\"text\" id=\"acff-file_data-field_69282bb39e74c-title\" name=\"acff[file_data][field_69282bb39e74c][title]\" disabled=\"disabled\"\/><label for=\"acff-file_data-field_69282bb39e74c-alt\">Texte alternatif<\/label><\/p>\n<p>Leave empty if the image is purely decorative.<\/p>\n<p><input type=\"text\" id=\"acff-file_data-field_69282bb39e74c-alt\" name=\"acff[file_data][field_69282bb39e74c][alt]\" disabled=\"disabled\"\/><label for=\"acff-file_data-field_69282bb39e74c-caption\">L\u00e9gende<\/label><textarea id=\"acff-file_data-field_69282bb39e74c-caption\" name=\"acff[file_data][field_69282bb39e74c]\" rows=\"3\" disabled=\"disabled\"><\/textarea><label for=\"acff-file_data-field_69282bb39e74c-description\">Description<\/label><textarea id=\"acff-file_data-field_69282bb39e74c-description\" name=\"acff[file_data][field_69282bb39e74c][description]\" rows=\"3\" disabled=\"disabled\"><\/textarea><button type=\"button\">Mettre \u00e0 jour l\u2019image<\/button><br \/>\n\t\t\t\t0%<br \/>\n\t\t\t<label for=\"acff-post-field_691c2b56474de\">Date de d\u00e9but<\/label><br \/>\n\t\t\t<input type=\"hidden\" id=\"acff-post-field_691c2b56474de\" name=\"acff[post][field_691c2b56474de]\" value=\"\"\/>\t\t\t<input type=\"text\" value=\"\" data-default-to-today=\"0\"\/><br \/>\n\t\t\t<label for=\"acff-post-field_6931613c254be\">Heure de d\u00e9but<\/label><br \/>\n\t\t\t<input type=\"hidden\" id=\"acff-post-field_6931613c254be\" type=\"hidden\" name=\"acff[post][field_6931613c254be]\" value=\"\"\/>\t\t\t<input type=\"text\" value=\"\"\/><br \/>\n\t\t\t<label for=\"acff-post-field_691c2bc4b7157\">Date de fin<\/label><br \/>\n\t\t\t<input type=\"hidden\" id=\"acff-post-field_691c2bc4b7157\" name=\"acff[post][field_691c2bc4b7157]\" value=\"\"\/>\t\t\t<input type=\"text\" value=\"\" data-default-to-today=\"0\"\/><br \/>\n\t\t\t<label for=\"acff-post-field_693161b5254bf\">Heure de fin<\/label><br \/>\n\t\t\t<input type=\"hidden\" id=\"acff-post-field_693161b5254bf\" type=\"hidden\" name=\"acff[post][field_693161b5254bf]\" value=\"\"\/>\t\t\t<input type=\"text\" value=\"\"\/><br \/>\n\t\t\t<label for=\"acff-post-field_6928347bdac64\">Pr\u00e9sentation<\/label><br \/>\n\t\t\t\t\t<button type=\"button\" data-editor=\"acf-editor-693c261f4b2dc\" aria-haspopup=\"dialog\" aria-controls=\"wp-media-modal\"> Ajouter un m\u00e9dia<\/button><br \/>\n\t\t\t\t\t<a href=\"\/\" onclick=\"ha_dropdown()\"><br \/>\n\t\t\t\t\t\tCode court<br \/>\n\t\t\t\t\t\t<svg xmlns=\"http:\/\/www.w3.org\/2000\/svg\" viewBox=\"0 0 200 43.5\"\n\t\t\t\t\t\t\tstyle=\"width: 80px;\"><\/p>\n<style>\n\t\t\t\t\t\t\t\t.st38 {\n\t\t\t\t\t\t\t\t\tfill: #fff;\n\t\t\t\t\t\t\t\t}\n\t\t\t\t\t\t\t<\/style>\n<path d=\"M71.1 19.3v13.3h-6.6v-12c0-1.4-.4-1.8-1-1.8-.7 0-1.5.6-2.2 1.8v12h-6.6v-25l6.6-.7v9.4c1.5-1.6 3-2.3 5-2.3 3-.1 4.8 1.9 4.8 5.3zM90.3 25.5H79.6c.4 2.6 1.6 3 3.6 3 1.3 0 2.5-.5 4-1.6l2.7 3.7c-2 1.7-4.7 2.7-7.3 2.7-6.5 0-9.6-4.1-9.6-9.6 0-5.3 3-9.7 8.9-9.7 5.2 0 8.7 3.4 8.7 9.4-.1.5-.2 1.4-.3 2.1zm-6.3-4c0-1.8-.4-3.3-2.1-3.3-1.4 0-2.1.8-2.4 3.6H84v-.3zM92.1 27.4V7.5l6.6-.7v20.3c0 .6.3.9.8.9.2 0 .5 0 .7-.2l1.2 4.7c-1.2.4-2.4.6-3.6.6-3.7.2-5.7-2-5.7-5.7zM102.1 27.4V7.5l6.6-.7v20.3c0 .6.3.9.8.9.2 0 .5 0 .7-.2l1.2 4.7c-1.2.4-2.4.6-3.6.6-3.7.2-5.7-2-5.7-5.7zM129.4 23.6c0 5.9-3.5 9.6-9.2 9.6-5.6 0-9.2-3.4-9.2-9.7 0-5.9 3.5-9.6 9.2-9.6 5.6 0 9.2 3.5 9.2 9.7zm-11.5 0c0 3.6.7 4.9 2.4 4.9 1.6 0 2.4-1.4 2.4-4.9 0-3.6-.7-4.9-2.4-4.9s-2.5 1.5-2.4 4.9zM147.8 28.9l-1.3 4.3c-2.3-.2-3.8-.8-4.8-2.5-1.3 2-3.3 2.6-5.4 2.6-3.6 0-5.9-2.4-5.9-5.7 0-4 3-6.2 8.6-6.2h1.3v-.5c0-1.8-.6-2.3-2.6-2.3-1.6.1-3.1.4-4.6.9l-1.4-4.2c2.2-.9 4.6-1.4 7-1.4 5.7 0 8 2.2 8 6.6v6.2c0 1.3.3 1.9 1.1 2.2zm-7.5-1.4v-2.7h-.7c-1.9 0-2.7.6-2.7 2 0 1 .6 1.7 1.5 1.7.7.1 1.5-.3 1.9-1zM163.6 16.3l-2.3 3.6c-1.3-.8-2.7-1.3-4.2-1.3-1.1 0-1.5.3-1.5.8 0 .6.2.9 3.6 1.9 3.4 1.1 5.2 2.5 5.2 5.8 0 3.7-3.5 6.2-8.4 6.2-3.1 0-6-1.1-7.8-2.9l3.1-3.5c1.3 1 2.9 1.8 4.5 1.8 1.2 0 1.9-.4 1.9-1.1 0-.9-.4-1.1-3.4-2-3.3-1-5.2-2.9-5.2-5.8 0-3.2 2.8-5.8 7.7-5.8 2.6-.1 5.2.8 6.8 2.3zM180.1 16.3l-2.3 3.6c-1.3-.8-2.7-1.3-4.2-1.3-1.1 0-1.5.3-1.5.8 0 .6.2.9 3.6 1.9 3.4 1.1 5.2 2.5 5.2 5.8 0 3.7-3.5 6.2-8.4 6.2-3.1 0-6-1.1-7.8-2.9l3.1-3.5c1.3 1 2.9 1.8 4.5 1.8 1.2 0 1.9-.4 1.9-1.1 0-.9-.4-1.1-3.4-2-3.3-1-5.2-2.9-5.2-5.8 0-3.2 2.8-5.8 7.7-5.8 2.6-.1 5.1.8 6.8 2.3zM200 23.6c0 5.9-3.5 9.6-9.2 9.6-5.6 0-9.2-3.4-9.2-9.7 0-5.9 3.5-9.6 9.2-9.6 5.6 0 9.2 3.5 9.2 9.7zm-11.5 0c0 3.6.7 4.9 2.4 4.9 1.6 0 2.4-1.4 2.4-4.9 0-3.6-.7-4.9-2.4-4.9s-2.5 1.5-2.4 4.9z\"\n\t\t\t\t\t\t\t\tclass=\"st38\" \/>\n\t\t\t\t\t\t\t<linearGradient id=\"SVGID_1_\" x1=\"4.322\" x2=\"24.268\" y1=\"33.651\" y2=\"-.503\"\n\t\t\t\t\t\t\t\tgradientTransform=\"matrix(1 0 0 -1 0 44.736)\"\n\t\t\t\t\t\t\t\tgradientUnits=\"userSpaceOnUse\">\n\t\t\t\t\t\t\t\t<stop offset=\"0\" stop-color=\"#498a63\" \/>\n\t\t\t\t\t\t\t\t<stop offset=\".25\" stop-color=\"#61b984\" \/>\n\t\t\t\t\t\t\t<\/linearGradient>\n\t\t\t\t\t\t\t<path fill=\"url(#SVGID_1_)\"\n\t\t\t\t\t\t\t\td=\"M12.9 34.9c-6.6-7.6-2.2-26.8.6-26.8C8.1 7.9-1.1 11.5.2 24.4c1.5 12 12.3 20.4 24.1 18.9 3.8-.5 7.3-2 10.3-4.3-10.4 7.5-17.4.8-21.7-4.1z\" \/>\n\t\t\t\t\t\t\t<linearGradient id=\"SVGID_2_\" x1=\"19.889\" x2=\"40.524\" y1=\"3.627\" y2=\"36.697\"\n\t\t\t\t\t\t\t\tgradientTransform=\"matrix(1 0 0 -1 0 44.736)\"\n\t\t\t\t\t\t\t\tgradientUnits=\"userSpaceOnUse\">\n\t\t\t\t\t\t\t\t<stop offset=\"0\" stop-color=\"#89356d\" \/>\n\t\t\t\t\t\t\t\t<stop offset=\".21\" stop-color=\"#b94794\" \/>\n\t\t\t\t\t\t\t<\/linearGradient>\n\t\t\t\t\t\t\t<path fill=\"url(#SVGID_2_)\"\n\t\t\t\t\t\t\t\td=\"M37.2 21.9C31.7 33 14.8 37.7 12.9 34.8c3.3 4.9 11.5 11.6 21.8 4 9.4-7.3 11.1-21 3.8-30.5-2.3-3-5.4-5.3-8.9-6.8 11.7 5.3 10.5 14.6 7.6 20.4z\" \/>\n\t\t\t\t\t\t\t<linearGradient id=\"SVGID_3_\" x1=\"3.242\" x2=\"37.689\" y1=\"35.782\" y2=\"23.384\"\n\t\t\t\t\t\t\t\tgradientTransform=\"matrix(1 0 0 -1 0 44.736)\"\n\t\t\t\t\t\t\t\tgradientUnits=\"userSpaceOnUse\">\n\t\t\t\t\t\t\t\t<stop offset=\".6\" stop-color=\"#f59c1c\" \/>\n\t\t\t\t\t\t\t\t<stop offset=\"1\" stop-color=\"#c7702b\" \/>\n\t\t\t\t\t\t\t<\/linearGradient>\n\t\t\t\t\t\t\t<path fill=\"url(#SVGID_3_)\"\n\t\t\t\t\t\t\t\td=\"M13.5 8.1c11.9-1.3 25.4 11 23.7 13.9 3.3-5.8 4.1-15.1-7.5-20.4C18.6-2.9 6 2.5 1.6 13.7.2 17.2-.3 21 .2 24.7-.6 11.9 9.1 8.5 13.5 8.1z\" \/>\n\t\t\t\t\t\t<\/svg><br \/>\n\t\t\t\t\t<\/a><br \/>\n\t\t\t\t\t\t<a href=\"https:\/\/adopter.graindepixel.fr\/version\/wp-admin\/admin.php?page=hello-asso\">Synchronisation<\/a><br \/>\n\t\t\t\t\t\t\t\t\t\t\t\t<a href=\"\/#ha-popup\"\n\t\t\t\t\t\t\tonclick=\"loadViewCampaign('https:\/\/collectif.graindepixel.fr\/element\/wp-admin\/admin.php?page=ha-campaign&#038;from=tinymce', 'ok')\">Charger mes campagnes<\/a><br \/>\n\t\t\t\t\t<main><br \/>\n\t\t\t\t\t\t<a href=\"\/\">&times;<\/a><br \/>\n\t\t\t\t\t\t<button type=\"button\" style=\"display: none;\"\n\t\t\t\t\t\t\tonclick=\"haReturn()\"><br \/>\n\t\t\t\t\t\t\t<img decoding=\"async\" src=\"https:\/\/adopter.graindepixel.fr\/version\/wp-content\/plugins\/helloasso\/admin\/view\/icons\/back.svg\" \/> Retour<br \/>\n\t\t\t\t\t\t<\/button><\/p>\n<section id=\"content1\"><\/section>\n<p>\t\t\t\t\t\t<button id=\"acf-editor-693c261f4b2dc-tmce\" data-wp-editor-id=\"acf-editor-693c261f4b2dc\" type=\"button\">Visuel<\/button><br \/>\n\t\t\t\t\t\t<button id=\"acf-editor-693c261f4b2dc-html\" data-wp-editor-id=\"acf-editor-693c261f4b2dc\" type=\"button\">Texte<\/button><br \/>\n\t\t\t\t\t\t\t\t\t\t<textarea id=\"acf-editor-693c261f4b2dc\" name=\"acff[post][field_6928347bdac64]\" style=\"height:300px;\"><\/textarea><br \/>\n\t\t\t<label for=\"acff-post-field_691c2c2db7158\">Adresse de l&#039;\u00e9v\u00e8nement<\/label><textarea id=\"acff-post-field_691c2c2db7158\" name=\"acff[post][field_691c2c2db7158]\" rows=\"8\"><\/textarea><label for=\"acff-post-field_69282bcc9e74d\">Organisateur<\/label><input type=\"text\" id=\"acff-post-field_69282bcc9e74d\" name=\"acff[post][field_69282bcc9e74d]\" value=\"Non renseign\u00e9\"\/><label for=\"acff-post-field_69282be59e74e\">Site internet<\/label><input type=\"url\" id=\"acff-post-field_69282be59e74e\" name=\"acff[post][field_69282be59e74e]\"\/><label for=\"acff-post-field_69282c059e74f\">Facebook<\/label><input type=\"url\" id=\"acff-post-field_69282c059e74f\" name=\"acff[post][field_69282c059e74f]\"\/><label for=\"acff-post-field_69282c1c9e750\">Instagram<\/label><input type=\"url\" id=\"acff-post-field_69282c1c9e750\" name=\"acff[post][field_69282c1c9e750]\"\/><label id=\"acff-post-field_69282c65ae8bc-label\">Etat<\/label><input type=\"hidden\" name=\"acff[post][field_69282c65ae8bc]\"\/><\/p>\n<ul data-allow_null=\"0\" data-other_choice=\"0\" role=\"radiogroup\" aria-labelledby=\"acff-post-field_69282c65ae8bc-label\">\n<li><label><input type=\"radio\" id=\"acff-post-field_69282c65ae8bc-publish\" name=\"acff[post][field_69282c65ae8bc]\" value=\"publish\" checked=\"checked\"\/>Publi\u00e9<\/label><\/li>\n<li><label><input type=\"radio\" id=\"acff-post-field_69282c65ae8bc-draft\" name=\"acff[post][field_69282c65ae8bc]\" value=\"draft\"\/>Brouillon<\/label><\/li>\n<li><label><input type=\"radio\" id=\"acff-post-field_69282c65ae8bc-trash\" name=\"acff[post][field_69282c65ae8bc]\" value=\"trash\"\/>Corbeille<\/label><\/li>\n<\/ul>\n<p><label for=\"acff-post-field_693189ee229c6\">T\u00e9l\u00e9phone<\/label><input type=\"number\" id=\"acff-post-field_693189ee229c6\" name=\"acff[post][field_693189ee229c6]\" value=\"non renseign\u00e9\" step=\"any\"\/><input type=\"text\" id=\"acff-post-field_69318a0f229c7\" name=\"acff[post][field_69318a0f229c7]\"\/><button type=\"button\" data-state=\"submit\" data-success=\"\" data-redirect=\"\">Envoyer<\/button><br \/>\n\t\t\t<\/form>\n<form data-id=\"form_692f006c3ba75\" action=\"\/\" method=\"post\" novalidate=\"novalidate\" data-error-message=\"\">\n\t\t\t<input type=\"hidden\" name=\"_acf_screen\" value=\"fea_form\"\/><input type=\"hidden\" name=\"_acf_nonce\" value=\"7e583aca16\"\/><input type=\"hidden\" name=\"_acf_validation\" value=\"1\"\/><input type=\"hidden\" name=\"_acf_changed\" value=\"0\"\/><input type=\"hidden\" name=\"_acf_status\" value=\"\"\/><input type=\"hidden\" name=\"_acf_message\" value=\"\"\/><input type=\"hidden\" name=\"_acf_required_message\" value=\"\"\/><input type=\"hidden\" name=\"_acf_current_url\" value=\"https:\/\/collectif.graindepixel.fr\/element\"\/><input type=\"hidden\" name=\"_acf_taxonomy_type\" value=\"category\"\/><input type=\"hidden\" name=\"_acf_form\" value=\"form_692f006c3ba75\"\/><input type=\"hidden\" name=\"_acf_referer_url\" value=\"https:\/\/collectif.graindepixel.fr\/element\/wp-admin\/post.php?post=7575&amp;action=elementor\"\/><input type=\"hidden\" name=\"_acf_objects\" value=\"a0l5MzVIbWJjSUVpb1ZpN0xmZG1VUDA5UDVsc01WSGVpdWt6Y0NaM3VVZkV6VzBybG41TElDRUJLcytPbndJYmRrVVNRNFI2MThWeTk3L3huTFVROWtFd3phT0xxVVRtUys0STRTL21ZYkk9OjqsMI11e2MTB7\/yg0vfoB+v\"\/><br \/>\n\t\t\t<input type=\"text\" id=\"acff-_validate_email\" name=\"acff[_validate_email]\"\/><label for=\"acff-post-field_69282b039e74a\">Evenement<\/label><input type=\"text\" id=\"acff-post-field_69282b039e74a\" name=\"acff[post][field_69282b039e74a]\"\/><label for=\"acff-post-field_69282bb39e74c\">Visuel<\/label><br \/>\n\t\t\t<input type=\"hidden\" data-name=\"id\" name=\"acff[post][field_69282bb39e74c]\" value=\"\"\/><br \/>\n\t\t\t\t\t<img decoding=\"async\" data-name=\"image\" src=\"https:\/\/adopter.graindepixel.fr\/version\/wp-includes\/images\/media\/default.png\" alt=\"\"\/><br \/>\n\t\t\t<a data-name=\"edit-preview\" href=\"\/\" title=\"Modifier\"><\/a><br \/>\n\t\t\t<a data-name=\"remove\" href=\"\/\" title=\"Retirer\"><\/a><br \/>\n\t\t\t\t\t\t<label><br \/>\n\t\t\t\t<input type=\"file\" name=\"file_input\" id=\"acff-post-field_69282bb39e74c\" accept=\"image\/*\" \/>\t\t\t\t<\/p>\n<p>Aucune image s\u00e9lectionn\u00e9e\t\t\t\t<a data-name=\"add\" href=\"\/\"><br \/>\n\t\t\t\t\tAjouter une image\t\t\t\t\t\t\t\t\t<\/a>\n\t\t\t<\/p>\n<p>\t\t\t<\/label><br \/>\n\t\t\t\t<label for=\"acff-file_data-field_69282bb39e74c-title\">Titre<\/label><input type=\"text\" id=\"acff-file_data-field_69282bb39e74c-title\" name=\"acff[file_data][field_69282bb39e74c][title]\" disabled=\"disabled\"\/><label for=\"acff-file_data-field_69282bb39e74c-alt\">Texte alternatif<\/label><\/p>\n<p>Leave empty if the image is purely decorative.<\/p>\n<p><input type=\"text\" id=\"acff-file_data-field_69282bb39e74c-alt\" name=\"acff[file_data][field_69282bb39e74c][alt]\" disabled=\"disabled\"\/><label for=\"acff-file_data-field_69282bb39e74c-caption\">L\u00e9gende<\/label><textarea id=\"acff-file_data-field_69282bb39e74c-caption\" name=\"acff[file_data][field_69282bb39e74c]\" rows=\"3\" disabled=\"disabled\"><\/textarea><label for=\"acff-file_data-field_69282bb39e74c-description\">Description<\/label><textarea id=\"acff-file_data-field_69282bb39e74c-description\" name=\"acff[file_data][field_69282bb39e74c][description]\" rows=\"3\" disabled=\"disabled\"><\/textarea><button type=\"button\">Mettre \u00e0 jour l\u2019image<\/button><br \/>\n\t\t\t\t0%<br \/>\n\t\t\t<label for=\"acff-post-field_691c2b56474de\">Date de d\u00e9but<\/label><br \/>\n\t\t\t<input type=\"hidden\" id=\"acff-post-field_691c2b56474de\" name=\"acff[post][field_691c2b56474de]\" value=\"\"\/>\t\t\t<input type=\"text\" value=\"\" data-default-to-today=\"0\"\/><br \/>\n\t\t\t<label for=\"acff-post-field_6931613c254be\">Heure de d\u00e9but<\/label><br \/>\n\t\t\t<input type=\"hidden\" id=\"acff-post-field_6931613c254be\" type=\"hidden\" name=\"acff[post][field_6931613c254be]\" value=\"\"\/>\t\t\t<input type=\"text\" value=\"\"\/><br \/>\n\t\t\t<label for=\"acff-post-field_691c2bc4b7157\">Date de fin<\/label><br \/>\n\t\t\t<input type=\"hidden\" id=\"acff-post-field_691c2bc4b7157\" name=\"acff[post][field_691c2bc4b7157]\" value=\"\"\/>\t\t\t<input type=\"text\" value=\"\" data-default-to-today=\"0\"\/><br \/>\n\t\t\t<label for=\"acff-post-field_693161b5254bf\">Heure de fin<\/label><br \/>\n\t\t\t<input type=\"hidden\" id=\"acff-post-field_693161b5254bf\" type=\"hidden\" name=\"acff[post][field_693161b5254bf]\" value=\"\"\/>\t\t\t<input type=\"text\" value=\"\"\/><br \/>\n\t\t\t<label for=\"acff-post-field_6928347bdac64\">Pr\u00e9sentation<\/label><br \/>\n\t\t\t\t\t<button type=\"button\" data-editor=\"acf-editor-693c261f4ece3\" aria-haspopup=\"dialog\" aria-controls=\"wp-media-modal\"> Ajouter un m\u00e9dia<\/button><br \/>\n\t\t\t\t\t<a href=\"\/\" onclick=\"ha_dropdown()\"><br \/>\n\t\t\t\t\t\tCode court<br \/>\n\t\t\t\t\t\t<svg xmlns=\"http:\/\/www.w3.org\/2000\/svg\" viewBox=\"0 0 200 43.5\"\n\t\t\t\t\t\t\tstyle=\"width: 80px;\"><\/p>\n<style>\n\t\t\t\t\t\t\t\t.st38 {\n\t\t\t\t\t\t\t\t\tfill: #fff;\n\t\t\t\t\t\t\t\t}\n\t\t\t\t\t\t\t<\/style>\n<path d=\"M71.1 19.3v13.3h-6.6v-12c0-1.4-.4-1.8-1-1.8-.7 0-1.5.6-2.2 1.8v12h-6.6v-25l6.6-.7v9.4c1.5-1.6 3-2.3 5-2.3 3-.1 4.8 1.9 4.8 5.3zM90.3 25.5H79.6c.4 2.6 1.6 3 3.6 3 1.3 0 2.5-.5 4-1.6l2.7 3.7c-2 1.7-4.7 2.7-7.3 2.7-6.5 0-9.6-4.1-9.6-9.6 0-5.3 3-9.7 8.9-9.7 5.2 0 8.7 3.4 8.7 9.4-.1.5-.2 1.4-.3 2.1zm-6.3-4c0-1.8-.4-3.3-2.1-3.3-1.4 0-2.1.8-2.4 3.6H84v-.3zM92.1 27.4V7.5l6.6-.7v20.3c0 .6.3.9.8.9.2 0 .5 0 .7-.2l1.2 4.7c-1.2.4-2.4.6-3.6.6-3.7.2-5.7-2-5.7-5.7zM102.1 27.4V7.5l6.6-.7v20.3c0 .6.3.9.8.9.2 0 .5 0 .7-.2l1.2 4.7c-1.2.4-2.4.6-3.6.6-3.7.2-5.7-2-5.7-5.7zM129.4 23.6c0 5.9-3.5 9.6-9.2 9.6-5.6 0-9.2-3.4-9.2-9.7 0-5.9 3.5-9.6 9.2-9.6 5.6 0 9.2 3.5 9.2 9.7zm-11.5 0c0 3.6.7 4.9 2.4 4.9 1.6 0 2.4-1.4 2.4-4.9 0-3.6-.7-4.9-2.4-4.9s-2.5 1.5-2.4 4.9zM147.8 28.9l-1.3 4.3c-2.3-.2-3.8-.8-4.8-2.5-1.3 2-3.3 2.6-5.4 2.6-3.6 0-5.9-2.4-5.9-5.7 0-4 3-6.2 8.6-6.2h1.3v-.5c0-1.8-.6-2.3-2.6-2.3-1.6.1-3.1.4-4.6.9l-1.4-4.2c2.2-.9 4.6-1.4 7-1.4 5.7 0 8 2.2 8 6.6v6.2c0 1.3.3 1.9 1.1 2.2zm-7.5-1.4v-2.7h-.7c-1.9 0-2.7.6-2.7 2 0 1 .6 1.7 1.5 1.7.7.1 1.5-.3 1.9-1zM163.6 16.3l-2.3 3.6c-1.3-.8-2.7-1.3-4.2-1.3-1.1 0-1.5.3-1.5.8 0 .6.2.9 3.6 1.9 3.4 1.1 5.2 2.5 5.2 5.8 0 3.7-3.5 6.2-8.4 6.2-3.1 0-6-1.1-7.8-2.9l3.1-3.5c1.3 1 2.9 1.8 4.5 1.8 1.2 0 1.9-.4 1.9-1.1 0-.9-.4-1.1-3.4-2-3.3-1-5.2-2.9-5.2-5.8 0-3.2 2.8-5.8 7.7-5.8 2.6-.1 5.2.8 6.8 2.3zM180.1 16.3l-2.3 3.6c-1.3-.8-2.7-1.3-4.2-1.3-1.1 0-1.5.3-1.5.8 0 .6.2.9 3.6 1.9 3.4 1.1 5.2 2.5 5.2 5.8 0 3.7-3.5 6.2-8.4 6.2-3.1 0-6-1.1-7.8-2.9l3.1-3.5c1.3 1 2.9 1.8 4.5 1.8 1.2 0 1.9-.4 1.9-1.1 0-.9-.4-1.1-3.4-2-3.3-1-5.2-2.9-5.2-5.8 0-3.2 2.8-5.8 7.7-5.8 2.6-.1 5.1.8 6.8 2.3zM200 23.6c0 5.9-3.5 9.6-9.2 9.6-5.6 0-9.2-3.4-9.2-9.7 0-5.9 3.5-9.6 9.2-9.6 5.6 0 9.2 3.5 9.2 9.7zm-11.5 0c0 3.6.7 4.9 2.4 4.9 1.6 0 2.4-1.4 2.4-4.9 0-3.6-.7-4.9-2.4-4.9s-2.5 1.5-2.4 4.9z\"\n\t\t\t\t\t\t\t\tclass=\"st38\" \/>\n\t\t\t\t\t\t\t<linearGradient id=\"SVGID_1_\" x1=\"4.322\" x2=\"24.268\" y1=\"33.651\" y2=\"-.503\"\n\t\t\t\t\t\t\t\tgradientTransform=\"matrix(1 0 0 -1 0 44.736)\"\n\t\t\t\t\t\t\t\tgradientUnits=\"userSpaceOnUse\">\n\t\t\t\t\t\t\t\t<stop offset=\"0\" stop-color=\"#498a63\" \/>\n\t\t\t\t\t\t\t\t<stop offset=\".25\" stop-color=\"#61b984\" \/>\n\t\t\t\t\t\t\t<\/linearGradient>\n\t\t\t\t\t\t\t<path fill=\"url(#SVGID_1_)\"\n\t\t\t\t\t\t\t\td=\"M12.9 34.9c-6.6-7.6-2.2-26.8.6-26.8C8.1 7.9-1.1 11.5.2 24.4c1.5 12 12.3 20.4 24.1 18.9 3.8-.5 7.3-2 10.3-4.3-10.4 7.5-17.4.8-21.7-4.1z\" \/>\n\t\t\t\t\t\t\t<linearGradient id=\"SVGID_2_\" x1=\"19.889\" x2=\"40.524\" y1=\"3.627\" y2=\"36.697\"\n\t\t\t\t\t\t\t\tgradientTransform=\"matrix(1 0 0 -1 0 44.736)\"\n\t\t\t\t\t\t\t\tgradientUnits=\"userSpaceOnUse\">\n\t\t\t\t\t\t\t\t<stop offset=\"0\" stop-color=\"#89356d\" \/>\n\t\t\t\t\t\t\t\t<stop offset=\".21\" stop-color=\"#b94794\" \/>\n\t\t\t\t\t\t\t<\/linearGradient>\n\t\t\t\t\t\t\t<path fill=\"url(#SVGID_2_)\"\n\t\t\t\t\t\t\t\td=\"M37.2 21.9C31.7 33 14.8 37.7 12.9 34.8c3.3 4.9 11.5 11.6 21.8 4 9.4-7.3 11.1-21 3.8-30.5-2.3-3-5.4-5.3-8.9-6.8 11.7 5.3 10.5 14.6 7.6 20.4z\" \/>\n\t\t\t\t\t\t\t<linearGradient id=\"SVGID_3_\" x1=\"3.242\" x2=\"37.689\" y1=\"35.782\" y2=\"23.384\"\n\t\t\t\t\t\t\t\tgradientTransform=\"matrix(1 0 0 -1 0 44.736)\"\n\t\t\t\t\t\t\t\tgradientUnits=\"userSpaceOnUse\">\n\t\t\t\t\t\t\t\t<stop offset=\".6\" stop-color=\"#f59c1c\" \/>\n\t\t\t\t\t\t\t\t<stop offset=\"1\" stop-color=\"#c7702b\" \/>\n\t\t\t\t\t\t\t<\/linearGradient>\n\t\t\t\t\t\t\t<path fill=\"url(#SVGID_3_)\"\n\t\t\t\t\t\t\t\td=\"M13.5 8.1c11.9-1.3 25.4 11 23.7 13.9 3.3-5.8 4.1-15.1-7.5-20.4C18.6-2.9 6 2.5 1.6 13.7.2 17.2-.3 21 .2 24.7-.6 11.9 9.1 8.5 13.5 8.1z\" \/>\n\t\t\t\t\t\t<\/svg><br \/>\n\t\t\t\t\t<\/a><br \/>\n\t\t\t\t\t\t<a href=\"https:\/\/adopter.graindepixel.fr\/version\/wp-admin\/admin.php?page=hello-asso\">Synchronisation<\/a><br \/>\n\t\t\t\t\t\t\t\t\t\t\t\t<a href=\"\/#ha-popup\"\n\t\t\t\t\t\t\tonclick=\"loadViewCampaign('https:\/\/collectif.graindepixel.fr\/element\/wp-admin\/admin.php?page=ha-campaign&#038;from=tinymce', 'ok')\">Charger mes campagnes<\/a><br \/>\n\t\t\t\t\t<main><br \/>\n\t\t\t\t\t\t<a href=\"\/\">&times;<\/a><br \/>\n\t\t\t\t\t\t<button type=\"button\" style=\"display: none;\"\n\t\t\t\t\t\t\tonclick=\"haReturn()\"><br \/>\n\t\t\t\t\t\t\t<img decoding=\"async\" src=\"https:\/\/adopter.graindepixel.fr\/version\/wp-content\/plugins\/helloasso\/admin\/view\/icons\/back.svg\" \/> Retour<br \/>\n\t\t\t\t\t\t<\/button><\/p>\n<section id=\"content1\"><\/section>\n<p>\t\t\t\t\t\t<button id=\"acf-editor-693c261f4ece3-tmce\" data-wp-editor-id=\"acf-editor-693c261f4ece3\" type=\"button\">Visuel<\/button><br \/>\n\t\t\t\t\t\t<button id=\"acf-editor-693c261f4ece3-html\" data-wp-editor-id=\"acf-editor-693c261f4ece3\" type=\"button\">Texte<\/button><br \/>\n\t\t\t\t\t\t\t\t\t\t<textarea id=\"acf-editor-693c261f4ece3\" name=\"acff[post][field_6928347bdac64]\" style=\"height:300px;\"><\/textarea><br \/>\n\t\t\t<label for=\"acff-post-field_691c2c2db7158\">Adresse de l&#039;\u00e9v\u00e8nement<\/label><textarea id=\"acff-post-field_691c2c2db7158\" name=\"acff[post][field_691c2c2db7158]\" rows=\"8\"><\/textarea><label for=\"acff-post-field_69282bcc9e74d\">Organisateur<\/label><input type=\"text\" id=\"acff-post-field_69282bcc9e74d\" name=\"acff[post][field_69282bcc9e74d]\" value=\"Non renseign\u00e9\"\/><label for=\"acff-post-field_69282be59e74e\">Site internet<\/label><input type=\"url\" id=\"acff-post-field_69282be59e74e\" name=\"acff[post][field_69282be59e74e]\"\/><label for=\"acff-post-field_69282c059e74f\">Facebook<\/label><input type=\"url\" id=\"acff-post-field_69282c059e74f\" name=\"acff[post][field_69282c059e74f]\"\/><label for=\"acff-post-field_69282c1c9e750\">Instagram<\/label><input type=\"url\" id=\"acff-post-field_69282c1c9e750\" name=\"acff[post][field_69282c1c9e750]\"\/><label id=\"acff-post-field_69282c65ae8bc-label\">Etat<\/label><input type=\"hidden\" name=\"acff[post][field_69282c65ae8bc]\"\/><\/p>\n<ul data-allow_null=\"0\" data-other_choice=\"0\" role=\"radiogroup\" aria-labelledby=\"acff-post-field_69282c65ae8bc-label\">\n<li><label><input type=\"radio\" id=\"acff-post-field_69282c65ae8bc-publish\" name=\"acff[post][field_69282c65ae8bc]\" value=\"publish\" checked=\"checked\"\/>Publi\u00e9<\/label><\/li>\n<li><label><input type=\"radio\" id=\"acff-post-field_69282c65ae8bc-draft\" name=\"acff[post][field_69282c65ae8bc]\" value=\"draft\"\/>Brouillon<\/label><\/li>\n<li><label><input type=\"radio\" id=\"acff-post-field_69282c65ae8bc-trash\" name=\"acff[post][field_69282c65ae8bc]\" value=\"trash\"\/>Corbeille<\/label><\/li>\n<\/ul>\n<p><label for=\"acff-post-field_693189ee229c6\">T\u00e9l\u00e9phone<\/label><input type=\"number\" id=\"acff-post-field_693189ee229c6\" name=\"acff[post][field_693189ee229c6]\" value=\"non renseign\u00e9\" step=\"any\"\/><input type=\"text\" id=\"acff-post-field_69318a0f229c7\" name=\"acff[post][field_69318a0f229c7]\"\/><button type=\"button\" data-state=\"submit\" data-success=\"\" data-redirect=\"\">Envoyer<\/button><br \/>\n\t\t\t<\/form>\n","protected":false},"excerpt":{"rendered":"<p>L&rsquo;agenda du refuge Les \u00e9v\u00e8nements au profit du refuge de l&rsquo;Angoumois Le refuge de l&rsquo;Angoumois c&rsquo;est avant tout de nombreux \u00e9v\u00e8nements, festivals, ou encore op\u00e9rations et animations r\u00e9alis\u00e9es au profit des animaux du refuge. A l&rsquo;aide de cet agenda il vous est ainsi possible de participer, ou encore venir renforcer les \u00e9quipes ou encore partager [&hellip;]<\/p>\n","protected":false},"author":1,"featured_media":8037,"parent":0,"menu_order":0,"comment_status":"closed","ping_status":"closed","template":"","meta":{"_acf_changed":false,"footnotes":""},"class_list":["post-7575","page","type-page","status-publish","has-post-thumbnail","hentry"],"acf":[],"_links":{"self":[{"href":"https:\/\/adopter.graindepixel.fr\/version\/wp-json\/wp\/v2\/pages\/7575","targetHints":{"allow":["GET"]}}],"collection":[{"href":"https:\/\/adopter.graindepixel.fr\/version\/wp-json\/wp\/v2\/pages"}],"about":[{"href":"https:\/\/adopter.graindepixel.fr\/version\/wp-json\/wp\/v2\/types\/page"}],"author":[{"embeddable":true,"href":"https:\/\/adopter.graindepixel.fr\/version\/wp-json\/wp\/v2\/users\/1"}],"replies":[{"embeddable":true,"href":"https:\/\/adopter.graindepixel.fr\/version\/wp-json\/wp\/v2\/comments?post=7575"}],"version-history":[{"count":0,"href":"https:\/\/adopter.graindepixel.fr\/version\/wp-json\/wp\/v2\/pages\/7575\/revisions"}],"wp:featuredmedia":[{"embeddable":true,"href":"https:\/\/adopter.graindepixel.fr\/version\/wp-json\/wp\/v2\/media\/8037"}],"wp:attachment":[{"href":"https:\/\/adopter.graindepixel.fr\/version\/wp-json\/wp\/v2\/media?parent=7575"}],"curies":[{"name":"wp","href":"https:\/\/api.w.org\/{rel}","templated":true}]}}