{"id":948,"date":"2023-02-17T15:51:17","date_gmt":"2023-02-17T15:51:17","guid":{"rendered":"https:\/\/library.startertemplatecloud.com\/g19\/?page_id=948"},"modified":"2026-03-12T10:58:57","modified_gmt":"2026-03-12T09:58:57","slug":"contact","status":"publish","type":"page","link":"https:\/\/adopter.graindepixel.fr\/version\/contact\/","title":{"rendered":"Contacter le refuge de l&rsquo;Angoumois"},"content":{"rendered":"<h1>Contactez le refuge<\/h1>\n<h2>Refuge de l&rsquo;Angoumois<br \/>\n<\/br><br \/>\nSPA de Mornac<\/h2>\n<h2>Pour toute question ou renseignement<\/h2>\n<p style=\"text-align: center;\"><strong>Le refuge de l\u2019Angoumois est avant tout au service des animaux.<\/strong><\/p>\n<p>\u00a0<\/p>\n<p>Vous avez des informations, des questions, besoins de renseignement, ou encore des effets \u00e0 nous donner, de la nourriture ou des dons.<\/p>\n<p>\u00a0<\/p>\n<p>Nous restons toujours \u00e0 votre disposition. Nous faisons le maximum pour vous r\u00e9pondre d\u00e8s que possible ou s\u2019adapter \u00e0 vos demandes. Mais l\u2019\u00e9quipe est souvent surcharg\u00e9e de travail : soins aux animaux, impr\u00e9vus, urgences et autres. Nous comptons sur votre patience et votre compr\u00e9hension.<\/p>\n<p>\u00a0<\/p>\n<p>N\u2019h\u00e9sitez pas \u00e0 nous t\u00e9l\u00e9phoner si la r\u00e9ponse tarderait de trop., mais privil\u00e9giez le mail ci \u00e0 l\u2019aide du formulaire de contact ci apr\u00e8s pour ne pas surcharger nos soigneurs<\/p>\n<p>\u00a0<\/p>\n<p>Merci \u00e0 tous et \u00e0 toutes pour votre compr\u00e9hension. Les pensionnaires du refuge sont une priorit\u00e9 pour nous.<\/p>\n<p>\u00a0<\/p>\n<p style=\"text-align: center;\"><strong><em>L\u2019\u00e9quipe du refuge<\/em><\/strong><\/p>\n<p>\t\t\t\t\t\t\t\t\t\t\t\t\t\t\t<img loading=\"lazy\" decoding=\"async\" width=\"1024\" height=\"682\" src=\"https:\/\/adopter.graindepixel.fr\/version\/wp-content\/uploads\/2025\/12\/refuge-angoumois-mars-2023-grain-de-pixel-190-1024x682.jpg\" alt=\"refuge angoumois mars 2023 grain de pixel 190\" srcset=\"https:\/\/adopter.graindepixel.fr\/version\/wp-content\/uploads\/2025\/12\/refuge-angoumois-mars-2023-grain-de-pixel-190-1024x682.jpg 1024w, https:\/\/adopter.graindepixel.fr\/version\/wp-content\/uploads\/2025\/12\/refuge-angoumois-mars-2023-grain-de-pixel-190-300x200.jpg 300w, https:\/\/adopter.graindepixel.fr\/version\/wp-content\/uploads\/2025\/12\/refuge-angoumois-mars-2023-grain-de-pixel-190-768x511.jpg 768w, https:\/\/adopter.graindepixel.fr\/version\/wp-content\/uploads\/2025\/12\/refuge-angoumois-mars-2023-grain-de-pixel-190-1536x1022.jpg 1536w, https:\/\/adopter.graindepixel.fr\/version\/wp-content\/uploads\/2025\/12\/refuge-angoumois-mars-2023-grain-de-pixel-190.jpg 2048w\" sizes=\"auto, (max-width: 1024px) 100vw, 1024px\" \/>\t\t\t\t\t\t\t\t\t\t\t\t\t\t\t<\/p>\n<h3>\n\t\t\t\t\t\t\tNous t\u00e9l\u00e9phoner<br \/>\n\t\t\t\t\t<\/h3>\n<p>\n\t\t\t\t\t\t05 45 65 76 99\n\t\t\t\t\t<\/p>\n<h3>\n\t\t\t\t\t\t\tLe mail du refuge<br \/>\n\t\t\t\t\t<\/h3>\n<p>\n\t\t\t\t\t\tcontact@refugedelangoumois.fr\n\t\t\t\t\t<\/p>\n<h3>\n\t\t\t\t\t\t\tL&rsquo;adresse du refuge<br \/>\n\t\t\t\t\t<\/h3>\n<p>\n\t\t\t\t\t\tLes Mesniers, Route de Bois Long<br \/>\n16600 Mornac\t\t\t\t\t<\/p>\n<h3>Nos r\u00e9seaux<\/h3>\n<p>\t\t\t\t\t<a target=\"_blank\"><br \/>\n\t\t\t\t\t\tFacebook<br \/>\n\t\t\t\t\t\t\t\t\t\t\t<\/a><br \/>\n\t\t\t\t\t<a target=\"_blank\"><br \/>\n\t\t\t\t\t\tInstagram<br \/>\n\t\t\t\t\t\t\t\t\t\t\t<\/a><\/p>\n<h2>Votre message<\/h2>\n<p>Nous mettons tout en \u0153uvre pour r\u00e9pondre au plus vite, mais comprenez que la vie d&rsquo;un refuge est tr\u00e8s chronophage, que les urgences du quotidien sont prioritaires et la gestion des r\u00e9ponses parfois ralenties et le d\u00e9lai peut \u00eatre rapidement impact\u00e9. Merci de votre compr\u00e9hension.<\/p>\n","protected":false},"excerpt":{"rendered":"<p>Contactez le refuge Refuge de l&rsquo;Angoumois SPA de Mornac Pour toute question ou renseignement Le refuge de l\u2019Angoumois est avant tout au service des animaux. \u00a0 Vous avez des informations, des questions, besoins de renseignement, ou encore des effets \u00e0 nous donner, de la nourriture ou des dons. \u00a0 Nous restons toujours \u00e0 votre disposition. [&hellip;]<\/p>\n","protected":false},"author":1,"featured_media":2429,"parent":0,"menu_order":0,"comment_status":"closed","ping_status":"closed","template":"","meta":{"_acf_changed":false,"footnotes":""},"class_list":["post-948","page","type-page","status-publish","has-post-thumbnail","hentry"],"acf":[],"_links":{"self":[{"href":"https:\/\/adopter.graindepixel.fr\/version\/wp-json\/wp\/v2\/pages\/948","targetHints":{"allow":["GET"]}}],"collection":[{"href":"https:\/\/adopter.graindepixel.fr\/version\/wp-json\/wp\/v2\/pages"}],"about":[{"href":"https:\/\/adopter.graindepixel.fr\/version\/wp-json\/wp\/v2\/types\/page"}],"author":[{"embeddable":true,"href":"https:\/\/adopter.graindepixel.fr\/version\/wp-json\/wp\/v2\/users\/1"}],"replies":[{"embeddable":true,"href":"https:\/\/adopter.graindepixel.fr\/version\/wp-json\/wp\/v2\/comments?post=948"}],"version-history":[{"count":1,"href":"https:\/\/adopter.graindepixel.fr\/version\/wp-json\/wp\/v2\/pages\/948\/revisions"}],"predecessor-version":[{"id":41648,"href":"https:\/\/adopter.graindepixel.fr\/version\/wp-json\/wp\/v2\/pages\/948\/revisions\/41648"}],"wp:featuredmedia":[{"embeddable":true,"href":"https:\/\/adopter.graindepixel.fr\/version\/wp-json\/wp\/v2\/media\/2429"}],"wp:attachment":[{"href":"https:\/\/adopter.graindepixel.fr\/version\/wp-json\/wp\/v2\/media?parent=948"}],"curies":[{"name":"wp","href":"https:\/\/api.w.org\/{rel}","templated":true}]}}